{"id":65944,"date":"2023-09-04T14:04:39","date_gmt":"2023-09-04T14:04:39","guid":{"rendered":"https:\/\/fidu360.ch\/?page_id=65944"},"modified":"2026-03-23T23:52:07","modified_gmt":"2026-03-23T23:52:07","slug":"particuliers","status":"publish","type":"page","link":"https:\/\/fidu360.ch\/pt\/particuliers\/","title":{"rendered":"Particulares"},"content":{"rendered":"<div data-elementor-type=\"wp-page\" data-elementor-id=\"65944\" class=\"elementor elementor-65944\" data-elementor-post-type=\"page\">\n\t\t\t\t<div class=\"elementor-element elementor-element-185107c e-con-full e-flex e-con e-parent\" data-id=\"185107c\" data-element_type=\"container\" data-e-type=\"container\">\n\t\t<div class=\"elementor-element elementor-element-1c92655 e-con-full e-flex e-con e-child\" data-id=\"1c92655\" data-element_type=\"container\" data-e-type=\"container\">\n\t\t\t\t<div class=\"elementor-element elementor-element-70067fc elementor-widget elementor-widget-spacer\" data-id=\"70067fc\" data-element_type=\"widget\" data-e-type=\"widget\" data-widget_type=\"spacer.default\">\n\t\t\t\t<div class=\"elementor-widget-container\">\n\t\t\t\t\t\t\t<div class=\"elementor-spacer\">\n\t\t\t<div class=\"elementor-spacer-inner\"><\/div>\n\t\t<\/div>\n\t\t\t\t\t\t<\/div>\n\t\t\t\t<\/div>\n\t\t\t\t<\/div>\n\t\t\t\t<\/div>\n\t\t<div class=\"elementor-element elementor-element-9946734 e-con-full e-flex e-con e-parent\" data-id=\"9946734\" data-element_type=\"container\" data-e-type=\"container\" data-settings=\"{&quot;background_background&quot;:&quot;classic&quot;}\">\n\t\t<div class=\"elementor-element elementor-element-ff493d2 e-con-full e-flex e-con e-child\" data-id=\"ff493d2\" data-element_type=\"container\" data-e-type=\"container\">\n\t\t\t\t<div class=\"elementor-element elementor-element-c18ea91 elementor-align-center elementor-widget elementor-widget-button\" data-id=\"c18ea91\" data-element_type=\"widget\" data-e-type=\"widget\" data-widget_type=\"button.default\">\n\t\t\t\t<div class=\"elementor-widget-container\">\n\t\t\t\t\t\t\t\t\t<div class=\"elementor-button-wrapper\">\n\t\t\t\t\t<a class=\"elementor-button elementor-button-link elementor-size-sm\" href=\"#elementor-action%3Aaction%3Dpopup%3Aopen%26settings%3DeyJpZCI6IjY1OTU1IiwidG9nZ2xlIjpmYWxzZX0%3D\">\n\t\t\t\t\t\t<span class=\"elementor-button-content-wrapper\">\n\t\t\t\t\t\t\t\t\t<span class=\"elementor-button-text\">MARCA\u00c7\u00c3O DE CONSULTA<\/span>\n\t\t\t\t\t<\/span>\n\t\t\t\t\t<\/a>\n\t\t\t\t<\/div>\n\t\t\t\t\t\t\t\t<\/div>\n\t\t\t\t<\/div>\n\t\t\t\t<\/div>\n\t\t<div class=\"elementor-element elementor-element-2c89a57 e-con-full e-flex e-con e-child\" data-id=\"2c89a57\" data-element_type=\"container\" data-e-type=\"container\">\n\t\t\t\t<div class=\"elementor-element elementor-element-a68ee60 e-transform elementor-widget-divider--view-line elementor-widget elementor-widget-divider\" data-id=\"a68ee60\" data-element_type=\"widget\" data-e-type=\"widget\" data-settings=\"{&quot;_transform_rotateZ_effect&quot;:{&quot;unit&quot;:&quot;px&quot;,&quot;size&quot;:90,&quot;sizes&quot;:[]},&quot;_transform_rotateZ_effect_tablet&quot;:{&quot;unit&quot;:&quot;deg&quot;,&quot;size&quot;:&quot;&quot;,&quot;sizes&quot;:[]},&quot;_transform_rotateZ_effect_mobile&quot;:{&quot;unit&quot;:&quot;deg&quot;,&quot;size&quot;:&quot;&quot;,&quot;sizes&quot;:[]}}\" data-widget_type=\"divider.default\">\n\t\t\t\t<div class=\"elementor-widget-container\">\n\t\t\t\t\t\t\t<div class=\"elementor-divider\">\n\t\t\t<span class=\"elementor-divider-separator\">\n\t\t\t\t\t\t<\/span>\n\t\t<\/div>\n\t\t\t\t\t\t<\/div>\n\t\t\t\t<\/div>\n\t\t\t\t<\/div>\n\t\t<div class=\"elementor-element elementor-element-e85f1a6 e-con-full e-flex e-con e-child\" data-id=\"e85f1a6\" data-element_type=\"container\" data-e-type=\"container\">\n\t\t\t\t<div class=\"elementor-element elementor-element-c0ced4e elementor-align-center elementor-widget elementor-widget-button\" data-id=\"c0ced4e\" data-element_type=\"widget\" data-e-type=\"widget\" data-widget_type=\"button.default\">\n\t\t\t\t<div class=\"elementor-widget-container\">\n\t\t\t\t\t\t\t\t\t<div class=\"elementor-button-wrapper\">\n\t\t\t\t\t<a class=\"elementor-button elementor-button-link elementor-size-sm\" href=\"#elementor-action%3Aaction%3Dpopup%3Aopen%26settings%3DeyJpZCI6IjY2MDkzIiwidG9nZ2xlIjpmYWxzZX0%3D\">\n\t\t\t\t\t\t<span class=\"elementor-button-content-wrapper\">\n\t\t\t\t\t\t\t\t\t<span class=\"elementor-button-text\">Quest\u00f5es? Um or\u00e7amento?<\/span>\n\t\t\t\t\t<\/span>\n\t\t\t\t\t<\/a>\n\t\t\t\t<\/div>\n\t\t\t\t\t\t\t\t<\/div>\n\t\t\t\t<\/div>\n\t\t\t\t<\/div>\n\t\t\t\t<\/div>\n\t\t<div class=\"elementor-element elementor-element-9144662 e-flex e-con-boxed e-con e-parent\" data-id=\"9144662\" data-element_type=\"container\" data-e-type=\"container\">\n\t\t\t\t\t<div class=\"e-con-inner\">\n\t\t<div class=\"elementor-element elementor-element-e8d93b2 e-con-full e-flex e-con e-child\" data-id=\"e8d93b2\" data-element_type=\"container\" data-e-type=\"container\">\n\t\t\t\t<div class=\"elementor-element elementor-element-34821e2 elementor-widget elementor-widget-spacer\" data-id=\"34821e2\" data-element_type=\"widget\" data-e-type=\"widget\" data-widget_type=\"spacer.default\">\n\t\t\t\t<div class=\"elementor-widget-container\">\n\t\t\t\t\t\t\t<div class=\"elementor-spacer\">\n\t\t\t<div class=\"elementor-spacer-inner\"><\/div>\n\t\t<\/div>\n\t\t\t\t\t\t<\/div>\n\t\t\t\t<\/div>\n\t\t\t\t<div class=\"elementor-element elementor-element-b7555a7 elementor-widget elementor-widget-heading\" data-id=\"b7555a7\" data-element_type=\"widget\" data-e-type=\"widget\" data-widget_type=\"heading.default\">\n\t\t\t\t<div class=\"elementor-widget-container\">\n\t\t\t\t\t<h3 class=\"elementor-heading-title elementor-size-default\">Particulares<\/h3>\t\t\t\t<\/div>\n\t\t\t\t<\/div>\n\t\t\t\t<div class=\"elementor-element elementor-element-edb7e7b elementor-widget elementor-widget-spacer\" data-id=\"edb7e7b\" data-element_type=\"widget\" data-e-type=\"widget\" data-widget_type=\"spacer.default\">\n\t\t\t\t<div class=\"elementor-widget-container\">\n\t\t\t\t\t\t\t<div class=\"elementor-spacer\">\n\t\t\t<div class=\"elementor-spacer-inner\"><\/div>\n\t\t<\/div>\n\t\t\t\t\t\t<\/div>\n\t\t\t\t<\/div>\n\t\t\t\t<\/div>\n\t\t\t\t\t<\/div>\n\t\t\t\t<\/div>\n\t\t<div class=\"elementor-element elementor-element-d6ea6d6 e-con-full e-flex e-con e-parent\" data-id=\"d6ea6d6\" data-element_type=\"container\" data-e-type=\"container\" data-settings=\"{&quot;background_background&quot;:&quot;classic&quot;}\">\n\t\t<div class=\"elementor-element elementor-element-11c1062 e-con-full e-flex e-con e-child\" data-id=\"11c1062\" data-element_type=\"container\" data-e-type=\"container\">\n\t\t\t\t<\/div>\n\t\t<div class=\"elementor-element elementor-element-ef0fea5 e-con-full e-flex e-con e-child\" data-id=\"ef0fea5\" data-element_type=\"container\" data-e-type=\"container\">\n\t\t\t\t<div class=\"elementor-element elementor-element-075f7d7 elementor-widget elementor-widget-text-editor\" data-id=\"075f7d7\" data-element_type=\"widget\" data-e-type=\"widget\" data-widget_type=\"text-editor.default\">\n\t\t\t\t<div class=\"elementor-widget-container\">\n\t\t\t\t\t\t\t\t\t<div class=\"page\" title=\"Page 1\"><div class=\"layoutArea\"><div class=\"column\"><p>O nosso gabinete de comptabilidade estuda a vossa situa\u00e7\u00e3o actual e aconselha-o afim de optimizar fiscalmente o seu futuro. Gra\u00e7as \u00e0 nossa rede de especialistas externa, fornecemos solu\u00e7\u00f5es de acordo com os seus objectivos e tratamos igualmente da elabora\u00e7\u00e3o das suas declara\u00e7\u00f5es fiscais.<\/p><p>A gest\u00e3o do seu patrim\u00f3nio \u00e9 primordial para atingir uma liberdade econ\u00f3mica no quotidiano da sua vida activa et o conforto do seu futuro. Afim de aumentar o seu patrim\u00f3nio dos nossos clientes, apresentamos medidas de optimiza\u00e7\u00e3o com um objectivo de atingir o seu objectivo. A nossa estimativa permitir\u00e1 avaliar as possibilidades de acordo com o seu balan\u00e7o para estabelecer caminhos a empreender quando as oportunidades se apresentam.<\/p><\/div><\/div><\/div>\t\t\t\t\t\t\t\t<\/div>\n\t\t\t\t<\/div>\n\t\t\t\t<\/div>\n\t\t<div class=\"elementor-element elementor-element-3184f94 e-con-full e-flex e-con e-child\" data-id=\"3184f94\" data-element_type=\"container\" data-e-type=\"container\">\n\t\t\t\t<div class=\"elementor-element elementor-element-96086c1 elementor-widget elementor-widget-text-editor\" data-id=\"96086c1\" data-element_type=\"widget\" data-e-type=\"widget\" data-widget_type=\"text-editor.default\">\n\t\t\t\t<div class=\"elementor-widget-container\">\n\t\t\t\t\t\t\t\t\t<p class=\"p1\"><span class=\"s1\">\u00b0 Declara\u00e7\u00e3o de imposto<\/span>\u00a0<br \/><span class=\"s1\">\u00b0 Tributa\u00e7\u00e3o na fonte<\/span><br \/><span class=\"s1\">\u00b0 Consultoria Fiscal<\/span>\u00a0<br \/><span class=\"s1\">\u00b0 Poupan\u00e7as<\/span><br \/><span class=\"s1\">\u00b0 Planifica\u00e7\u00e3o de Patrimonio<\/span>\u00a0<br \/><span class=\"s1\">\u00b0 Aconselhamento Jur\u00eddico<\/span>\u00a0<br \/><span class=\"s1\">\u00b0 Apoio administrativo<\/span><\/p>\t\t\t\t\t\t\t\t<\/div>\n\t\t\t\t<\/div>\n\t\t\t\t<\/div>\n\t\t<div class=\"elementor-element elementor-element-066fa99 e-con-full e-flex e-con e-child\" data-id=\"066fa99\" data-element_type=\"container\" data-e-type=\"container\">\n\t\t\t\t<\/div>\n\t\t\t\t<\/div>\n\t\t\t\t<section class=\"elementor-section elementor-top-section elementor-element elementor-element-865f508 elementor-section-boxed elementor-section-height-default elementor-section-height-default\" data-id=\"865f508\" data-element_type=\"section\" data-e-type=\"section\">\n\t\t\t\t\t\t<div class=\"elementor-container elementor-column-gap-default\">\n\t\t\t\t\t<div class=\"elementor-column elementor-col-100 elementor-top-column elementor-element elementor-element-b54cde9\" data-id=\"b54cde9\" data-element_type=\"column\" data-e-type=\"column\">\n\t\t\t<div class=\"elementor-widget-wrap elementor-element-populated\">\n\t\t\t\t\t\t<div class=\"elementor-element elementor-element-c027d53 elementor-widget elementor-widget-menu-anchor\" data-id=\"c027d53\" data-element_type=\"widget\" data-e-type=\"widget\" data-widget_type=\"menu-anchor.default\">\n\t\t\t\t<div class=\"elementor-widget-container\">\n\t\t\t\t\t\t\t<div class=\"elementor-menu-anchor\" id=\"contact\"><\/div>\n\t\t\t\t\t\t<\/div>\n\t\t\t\t<\/div>\n\t\t\t\t<div class=\"elementor-element elementor-element-2f5d3fa elementor-widget elementor-widget-spacer\" data-id=\"2f5d3fa\" data-element_type=\"widget\" data-e-type=\"widget\" data-widget_type=\"spacer.default\">\n\t\t\t\t<div class=\"elementor-widget-container\">\n\t\t\t\t\t\t\t<div class=\"elementor-spacer\">\n\t\t\t<div class=\"elementor-spacer-inner\"><\/div>\n\t\t<\/div>\n\t\t\t\t\t\t<\/div>\n\t\t\t\t<\/div>\n\t\t\t\t\t<\/div>\n\t\t<\/div>\n\t\t\t\t\t<\/div>\n\t\t<\/section>\n\t\t\t\t<\/div>","protected":false},"excerpt":{"rendered":"<p>PRISE DE RENDEZ-VOUS Des questions? un devis? Particuliers Notre fiduciaire e\u0301tudie votre situation actuelle et vous conseille afin d\u2019optimiser fiscalement votre futur. Gra\u0302ce a\u0300 notre re\u0301seau d\u2019experts externes, nous vous apporterons les solutions selon vos objectifs et prenons en charge e\u0301galement e\u0301tablissement de vos de\u0301clarations fiscales. La gestion de votre patrimoine est primordiale pour atteindre [&hellip;]<\/p>\n","protected":false},"author":17,"featured_media":0,"parent":0,"menu_order":0,"comment_status":"closed","ping_status":"closed","template":"elementor_header_footer","meta":{"footnotes":""},"class_list":["post-65944","page","type-page","status-publish","hentry"],"yoast_head":"<!-- This site is optimized with the Yoast SEO plugin v27.3 - https:\/\/yoast.com\/product\/yoast-seo-wordpress\/ -->\n<title>Particuliers - Fidu360<\/title>\n<meta name=\"robots\" content=\"index, follow, max-snippet:-1, max-image-preview:large, max-video-preview:-1\" \/>\n<link rel=\"canonical\" href=\"https:\/\/fidu360.ch\/pt\/particuliers\/\" \/>\n<meta property=\"og:locale\" content=\"pt_PT\" \/>\n<meta property=\"og:type\" content=\"article\" \/>\n<meta property=\"og:title\" content=\"Particuliers - Fidu360\" \/>\n<meta property=\"og:description\" content=\"PRISE DE RENDEZ-VOUS Des questions? un devis? Particuliers Notre fiduciaire e\u0301tudie votre situation actuelle et vous conseille afin d\u2019optimiser fiscalement votre futur. Gra\u0302ce a\u0300 notre re\u0301seau d\u2019experts externes, nous vous apporterons les solutions selon vos objectifs et prenons en charge e\u0301galement e\u0301tablissement de vos de\u0301clarations fiscales. La gestion de votre patrimoine est primordiale pour atteindre [&hellip;]\" \/>\n<meta property=\"og:url\" content=\"https:\/\/fidu360.ch\/pt\/particuliers\/\" \/>\n<meta property=\"og:site_name\" content=\"Fidu360\" \/>\n<meta property=\"article:modified_time\" content=\"2026-03-23T23:52:07+00:00\" \/>\n<meta name=\"twitter:card\" content=\"summary_large_image\" \/>\n<meta name=\"twitter:label1\" content=\"Tempo estimado de leitura\" \/>\n\t<meta name=\"twitter:data1\" content=\"1 minuto\" \/>\n<script type=\"application\/ld+json\" class=\"yoast-schema-graph\">{\"@context\":\"https:\\\/\\\/schema.org\",\"@graph\":[{\"@type\":\"WebPage\",\"@id\":\"https:\\\/\\\/fidu360.ch\\\/fr\\\/particuliers\\\/\",\"url\":\"https:\\\/\\\/fidu360.ch\\\/fr\\\/particuliers\\\/\",\"name\":\"Particuliers - Fidu360\",\"isPartOf\":{\"@id\":\"https:\\\/\\\/fidu360.ch\\\/fr\\\/#website\"},\"datePublished\":\"2023-09-04T14:04:39+00:00\",\"dateModified\":\"2026-03-23T23:52:07+00:00\",\"breadcrumb\":{\"@id\":\"https:\\\/\\\/fidu360.ch\\\/fr\\\/particuliers\\\/#breadcrumb\"},\"inLanguage\":\"pt-PT\",\"potentialAction\":[{\"@type\":\"ReadAction\",\"target\":[\"https:\\\/\\\/fidu360.ch\\\/fr\\\/particuliers\\\/\"]}]},{\"@type\":\"BreadcrumbList\",\"@id\":\"https:\\\/\\\/fidu360.ch\\\/fr\\\/particuliers\\\/#breadcrumb\",\"itemListElement\":[{\"@type\":\"ListItem\",\"position\":1,\"name\":\"Home\",\"item\":\"https:\\\/\\\/fidu360.ch\\\/pt\\\/\"},{\"@type\":\"ListItem\",\"position\":2,\"name\":\"Particuliers\"}]},{\"@type\":\"WebSite\",\"@id\":\"https:\\\/\\\/fidu360.ch\\\/fr\\\/#website\",\"url\":\"https:\\\/\\\/fidu360.ch\\\/fr\\\/\",\"name\":\"Fidu360\",\"description\":\"\",\"publisher\":{\"@id\":\"https:\\\/\\\/fidu360.ch\\\/fr\\\/#organization\"},\"potentialAction\":[{\"@type\":\"SearchAction\",\"target\":{\"@type\":\"EntryPoint\",\"urlTemplate\":\"https:\\\/\\\/fidu360.ch\\\/fr\\\/?s={search_term_string}\"},\"query-input\":{\"@type\":\"PropertyValueSpecification\",\"valueRequired\":true,\"valueName\":\"search_term_string\"}}],\"inLanguage\":\"pt-PT\"},{\"@type\":\"Organization\",\"@id\":\"https:\\\/\\\/fidu360.ch\\\/fr\\\/#organization\",\"name\":\"Fidu360\",\"url\":\"https:\\\/\\\/fidu360.ch\\\/fr\\\/\",\"logo\":{\"@type\":\"ImageObject\",\"inLanguage\":\"pt-PT\",\"@id\":\"https:\\\/\\\/fidu360.ch\\\/fr\\\/#\\\/schema\\\/logo\\\/image\\\/\",\"url\":\"https:\\\/\\\/fidu360.ch\\\/wp-content\\\/uploads\\\/2023\\\/09\\\/cropped-THP-LOGO-e1695636996674-1.png\",\"contentUrl\":\"https:\\\/\\\/fidu360.ch\\\/wp-content\\\/uploads\\\/2023\\\/09\\\/cropped-THP-LOGO-e1695636996674-1.png\",\"width\":2603,\"height\":2500,\"caption\":\"Fidu360\"},\"image\":{\"@id\":\"https:\\\/\\\/fidu360.ch\\\/fr\\\/#\\\/schema\\\/logo\\\/image\\\/\"}}]}<\/script>\n<!-- \/ Yoast SEO plugin. -->","yoast_head_json":{"title":"Particuliers - Fidu360","robots":{"index":"index","follow":"follow","max-snippet":"max-snippet:-1","max-image-preview":"max-image-preview:large","max-video-preview":"max-video-preview:-1"},"canonical":"https:\/\/fidu360.ch\/pt\/particuliers\/","og_locale":"pt_PT","og_type":"article","og_title":"Particuliers - Fidu360","og_description":"PRISE DE RENDEZ-VOUS Des questions? un devis? Particuliers Notre fiduciaire e\u0301tudie votre situation actuelle et vous conseille afin d\u2019optimiser fiscalement votre futur. Gra\u0302ce a\u0300 notre re\u0301seau d\u2019experts externes, nous vous apporterons les solutions selon vos objectifs et prenons en charge e\u0301galement e\u0301tablissement de vos de\u0301clarations fiscales. La gestion de votre patrimoine est primordiale pour atteindre [&hellip;]","og_url":"https:\/\/fidu360.ch\/pt\/particuliers\/","og_site_name":"Fidu360","article_modified_time":"2026-03-23T23:52:07+00:00","twitter_card":"summary_large_image","twitter_misc":{"Tempo estimado de leitura":"1 minuto"},"schema":{"@context":"https:\/\/schema.org","@graph":[{"@type":"WebPage","@id":"https:\/\/fidu360.ch\/fr\/particuliers\/","url":"https:\/\/fidu360.ch\/fr\/particuliers\/","name":"Particuliers - Fidu360","isPartOf":{"@id":"https:\/\/fidu360.ch\/fr\/#website"},"datePublished":"2023-09-04T14:04:39+00:00","dateModified":"2026-03-23T23:52:07+00:00","breadcrumb":{"@id":"https:\/\/fidu360.ch\/fr\/particuliers\/#breadcrumb"},"inLanguage":"pt-PT","potentialAction":[{"@type":"ReadAction","target":["https:\/\/fidu360.ch\/fr\/particuliers\/"]}]},{"@type":"BreadcrumbList","@id":"https:\/\/fidu360.ch\/fr\/particuliers\/#breadcrumb","itemListElement":[{"@type":"ListItem","position":1,"name":"Home","item":"https:\/\/fidu360.ch\/pt\/"},{"@type":"ListItem","position":2,"name":"Particuliers"}]},{"@type":"WebSite","@id":"https:\/\/fidu360.ch\/fr\/#website","url":"https:\/\/fidu360.ch\/fr\/","name":"Fidu360","description":"","publisher":{"@id":"https:\/\/fidu360.ch\/fr\/#organization"},"potentialAction":[{"@type":"SearchAction","target":{"@type":"EntryPoint","urlTemplate":"https:\/\/fidu360.ch\/fr\/?s={search_term_string}"},"query-input":{"@type":"PropertyValueSpecification","valueRequired":true,"valueName":"search_term_string"}}],"inLanguage":"pt-PT"},{"@type":"Organization","@id":"https:\/\/fidu360.ch\/fr\/#organization","name":"Fidu360","url":"https:\/\/fidu360.ch\/fr\/","logo":{"@type":"ImageObject","inLanguage":"pt-PT","@id":"https:\/\/fidu360.ch\/fr\/#\/schema\/logo\/image\/","url":"https:\/\/fidu360.ch\/wp-content\/uploads\/2023\/09\/cropped-THP-LOGO-e1695636996674-1.png","contentUrl":"https:\/\/fidu360.ch\/wp-content\/uploads\/2023\/09\/cropped-THP-LOGO-e1695636996674-1.png","width":2603,"height":2500,"caption":"Fidu360"},"image":{"@id":"https:\/\/fidu360.ch\/fr\/#\/schema\/logo\/image\/"}}]}},"_links":{"self":[{"href":"https:\/\/fidu360.ch\/pt\/wp-json\/wp\/v2\/pages\/65944","targetHints":{"allow":["GET"]}}],"collection":[{"href":"https:\/\/fidu360.ch\/pt\/wp-json\/wp\/v2\/pages"}],"about":[{"href":"https:\/\/fidu360.ch\/pt\/wp-json\/wp\/v2\/types\/page"}],"author":[{"embeddable":true,"href":"https:\/\/fidu360.ch\/pt\/wp-json\/wp\/v2\/users\/17"}],"replies":[{"embeddable":true,"href":"https:\/\/fidu360.ch\/pt\/wp-json\/wp\/v2\/comments?post=65944"}],"version-history":[{"count":3,"href":"https:\/\/fidu360.ch\/pt\/wp-json\/wp\/v2\/pages\/65944\/revisions"}],"predecessor-version":[{"id":67182,"href":"https:\/\/fidu360.ch\/pt\/wp-json\/wp\/v2\/pages\/65944\/revisions\/67182"}],"wp:attachment":[{"href":"https:\/\/fidu360.ch\/pt\/wp-json\/wp\/v2\/media?parent=65944"}],"curies":[{"name":"wp","href":"https:\/\/api.w.org\/{rel}","templated":true}]}}