{"id":3327,"date":"2018-05-24T16:09:54","date_gmt":"2018-05-24T16:09:54","guid":{"rendered":"https:\/\/thpinvestservices.com\/?page_id=3327"},"modified":"2020-06-30T19:16:48","modified_gmt":"2020-06-30T19:16:48","slug":"cookies-et-autres-technologies","status":"publish","type":"page","link":"https:\/\/fidu360.ch\/pt\/cookies-et-autres-technologies\/","title":{"rendered":"COOKIES ET AUTRES TECHNOLOGIES"},"content":{"rendered":"<p>Os sites da empresa, servi\u00e7os online, aplicativos interativos, mensagens de email e an\u00fancios podem usar \"cookies\" e outras tecnologias, como web beacons e web beacons. Essas tecnologias nos ajudam a entender melhor o comportamento do usu\u00e1rio, informam quais partes de nossos sites s\u00e3o visitadas e facilitam e medem a efic\u00e1cia de an\u00fancios e pesquisas na web. Tratamos as informa\u00e7\u00f5es coletadas por cookies e outras tecnologias como informa\u00e7\u00f5es n\u00e3o pessoais. No entanto, na medida em que endere\u00e7os IP (Internet Protocol) ou identificadores semelhantes s\u00e3o considerados informa\u00e7\u00f5es pessoais pela lei local, tamb\u00e9m os tratamos como informa\u00e7\u00f5es pessoais. Da mesma forma, na medida em que informa\u00e7\u00f5es n\u00e3o pessoais s\u00e3o combinadas com informa\u00e7\u00f5es pessoais, tratamos as informa\u00e7\u00f5es combinadas como informa\u00e7\u00f5es pessoais para os fins desta pol\u00edtica de privacidade.<\/p>\n<p>An\u00fancios da plataforma de publicidade da empresa podem aparecer nas Not\u00edcias da empresa e na App Store. Se voc\u00ea n\u00e3o deseja receber an\u00fancios direcionados aos seus interesses, pode optar por ativar o limite de rastreamento de an\u00fancios, o que permitir\u00e1 que sua empresa pare de receber esses an\u00fancios, independentemente do dispositivo usar. Se voc\u00ea ativar o limite de rastreamento de an\u00fancios no seu dispositivo m\u00f3vel, aplicativos de terceiros n\u00e3o poder\u00e3o usar o ID do an\u00fancio, um ID n\u00e3o pessoal do dispositivo, para veicular an\u00fancios segmentados. Voc\u00ea ainda pode ver an\u00fancios na App Store ou Not\u00edcias, dependendo do contexto, como sua consulta de pesquisa ou o canal que est\u00e1 lendo. Em aplicativos de terceiros, voc\u00ea pode ver an\u00fancios com base em outras informa\u00e7\u00f5es.<\/p>\n<p>A empresa e nossos parceiros tamb\u00e9m usam cookies e outras tecnologias para lembrar suas informa\u00e7\u00f5es pessoais quando voc\u00ea usa nosso site, servi\u00e7os e aplicativos online. Nosso objetivo nesses casos \u00e9 tornar sua experi\u00eancia com a empresa mais pr\u00e1tica e pessoal. Por exemplo, sabendo o seu primeiro nome, receb\u00ea-lo na pr\u00f3xima vez que visitar a loja online da empresa. Conhecer seu pa\u00eds e seu idioma - e se voc\u00ea \u00e9 um educador, sua escola - nos ajuda a fornecer uma experi\u00eancia de compra personalizada e mais \u00fatil. Saber que algu\u00e9m est\u00e1 usando seu computador ou dispositivo fez compras para um determinado produto ou usou um servi\u00e7o espec\u00edfico nos ajuda a tornar nossas comunica\u00e7\u00f5es por email e publicidade mais relevantes para seus interesses. E, conhecendo suas informa\u00e7\u00f5es de contato, credenciais de hardware e informa\u00e7\u00f5es no seu computador ou dispositivo, ajudamos voc\u00ea a personalizar seu sistema operacional, configurar seu servi\u00e7o iCloud e fornecer um melhor atendimento ao cliente.<\/p>\n<p>Se voc\u00ea deseja desativar os cookies e usar o navegador Safari, v\u00e1 para Prefer\u00eancias do Safari e, em seguida, no painel Privacidade para gerenciar suas prefer\u00eancias. No dispositivo m\u00f3vel da sua empresa, v\u00e1 para Configura\u00e7\u00f5es, Safari, role para baixo at\u00e9 a se\u00e7\u00e3o Privacidade e seguran\u00e7a e toque em \"Bloquear cookies\" para gerenciar suas prefer\u00eancias. Para outros navegadores, consulte seu provedor para descobrir como desativar os cookies. Observe que certos recursos do site da empresa n\u00e3o estar\u00e3o dispon\u00edveis depois que os cookies forem desativados.<\/p>\n<p>Como na maioria dos servi\u00e7os de Internet, coletamos automaticamente determinadas informa\u00e7\u00f5es e as armazenamos em arquivos de log. Essas informa\u00e7\u00f5es incluem endere\u00e7os IP (Internet Protocol), tipo e idioma do navegador, provedor de servi\u00e7os de Internet (ISP), sites e aplicativos de refer\u00eancia e sa\u00edda, sistema operacional, registro de data e hora e dados. clickstream.<\/p>\n<p>Usamos essas informa\u00e7\u00f5es para entender e analisar tend\u00eancias, administrar o site, entender o comportamento do usu\u00e1rio no site, melhorar nossos produtos e servi\u00e7os e coletar informa\u00e7\u00f5es demogr\u00e1ficas sobre nossa base de usu\u00e1rios como um todo. A empresa pode usar essas informa\u00e7\u00f5es em nossos servi\u00e7os de marketing e publicidade.<\/p>\n<p>Em algumas de nossas mensagens de email, usamos um \"URL de destino\" vinculado ao conte\u00fado do site da empresa. Quando os clientes clicam em um desses URLs, eles passam por um servidor da Web separado antes de chegarem \u00e0 p\u00e1gina de destino em nosso site. N\u00f3s rastreamos esses dados de clique para nos ajudar a determinar o interesse em t\u00f3picos espec\u00edficos e medir a efic\u00e1cia das comunica\u00e7\u00f5es de nossos clientes. Se voc\u00ea preferir n\u00e3o ser seguido dessa maneira, n\u00e3o dever\u00e1 clicar em links de texto ou gr\u00e1ficos nas mensagens de email.<\/p>\n<p>As tags de pixel nos permitem enviar mensagens de email em um formato que os clientes possam ler e informam se o email foi aberto. Podemos usar essas informa\u00e7\u00f5es para reduzir ou eliminar as mensagens enviadas aos clientes.<\/p>","protected":false},"excerpt":{"rendered":"<p>Les sites Web de la soci\u00e9t\u00e9, les services en ligne, les applications interactives, les messages \u00e9lectroniques et les publicit\u00e9s peuvent utiliser des \u00abcookies\u00bb et d&#8217;autres technologies telles que les pixels invisibles et les pixels invisibles. Ces technologies nous aident \u00e0 mieux comprendre le comportement des utilisateurs, nous indiquent les parties de nos sites Web visit\u00e9es, [&hellip;]<\/p>\n","protected":false},"author":17,"featured_media":0,"parent":0,"menu_order":0,"comment_status":"closed","ping_status":"closed","template":"","meta":{"footnotes":""},"class_list":["post-3327","page","type-page","status-publish","hentry"],"yoast_head":"<!-- This site is optimized with the Yoast SEO plugin v27.3 - https:\/\/yoast.com\/product\/yoast-seo-wordpress\/ -->\n<title>COOKIES ET AUTRES TECHNOLOGIES - Fidu360<\/title>\n<meta name=\"robots\" content=\"index, follow, max-snippet:-1, max-image-preview:large, max-video-preview:-1\" \/>\n<link rel=\"canonical\" href=\"https:\/\/fidu360.ch\/pt\/cookies-et-autres-technologies\/\" \/>\n<meta property=\"og:locale\" content=\"pt_PT\" \/>\n<meta property=\"og:type\" content=\"article\" \/>\n<meta property=\"og:title\" content=\"COOKIES ET AUTRES TECHNOLOGIES - Fidu360\" \/>\n<meta property=\"og:description\" content=\"Les sites Web de la soci\u00e9t\u00e9, les services en ligne, les applications interactives, les messages \u00e9lectroniques et les publicit\u00e9s peuvent utiliser des \u00abcookies\u00bb et d&#8217;autres technologies telles que les pixels invisibles et les pixels invisibles. Ces technologies nous aident \u00e0 mieux comprendre le comportement des utilisateurs, nous indiquent les parties de nos sites Web visit\u00e9es, [&hellip;]\" \/>\n<meta property=\"og:url\" content=\"https:\/\/fidu360.ch\/pt\/cookies-et-autres-technologies\/\" \/>\n<meta property=\"og:site_name\" content=\"Fidu360\" \/>\n<meta property=\"article:modified_time\" content=\"2020-06-30T19:16:48+00:00\" \/>\n<meta name=\"twitter:card\" content=\"summary_large_image\" \/>\n<meta name=\"twitter:label1\" content=\"Tempo estimado de leitura\" \/>\n\t<meta name=\"twitter:data1\" content=\"4 minutos\" \/>\n<script type=\"application\/ld+json\" class=\"yoast-schema-graph\">{\"@context\":\"https:\\\/\\\/schema.org\",\"@graph\":[{\"@type\":\"WebPage\",\"@id\":\"https:\\\/\\\/fidu360.ch\\\/en\\\/cookies-et-autres-technologies\\\/\",\"url\":\"https:\\\/\\\/fidu360.ch\\\/en\\\/cookies-et-autres-technologies\\\/\",\"name\":\"COOKIES ET AUTRES TECHNOLOGIES - Fidu360\",\"isPartOf\":{\"@id\":\"https:\\\/\\\/fidu360.ch\\\/fr\\\/#website\"},\"datePublished\":\"2018-05-24T16:09:54+00:00\",\"dateModified\":\"2020-06-30T19:16:48+00:00\",\"breadcrumb\":{\"@id\":\"https:\\\/\\\/fidu360.ch\\\/en\\\/cookies-et-autres-technologies\\\/#breadcrumb\"},\"inLanguage\":\"pt-PT\",\"potentialAction\":[{\"@type\":\"ReadAction\",\"target\":[\"https:\\\/\\\/fidu360.ch\\\/en\\\/cookies-et-autres-technologies\\\/\"]}]},{\"@type\":\"BreadcrumbList\",\"@id\":\"https:\\\/\\\/fidu360.ch\\\/en\\\/cookies-et-autres-technologies\\\/#breadcrumb\",\"itemListElement\":[{\"@type\":\"ListItem\",\"position\":1,\"name\":\"Home\",\"item\":\"https:\\\/\\\/fidu360.ch\\\/pt\\\/\"},{\"@type\":\"ListItem\",\"position\":2,\"name\":\"COOKIES ET AUTRES TECHNOLOGIES\"}]},{\"@type\":\"WebSite\",\"@id\":\"https:\\\/\\\/fidu360.ch\\\/fr\\\/#website\",\"url\":\"https:\\\/\\\/fidu360.ch\\\/fr\\\/\",\"name\":\"Fidu360\",\"description\":\"\",\"publisher\":{\"@id\":\"https:\\\/\\\/fidu360.ch\\\/fr\\\/#organization\"},\"potentialAction\":[{\"@type\":\"SearchAction\",\"target\":{\"@type\":\"EntryPoint\",\"urlTemplate\":\"https:\\\/\\\/fidu360.ch\\\/fr\\\/?s={search_term_string}\"},\"query-input\":{\"@type\":\"PropertyValueSpecification\",\"valueRequired\":true,\"valueName\":\"search_term_string\"}}],\"inLanguage\":\"pt-PT\"},{\"@type\":\"Organization\",\"@id\":\"https:\\\/\\\/fidu360.ch\\\/fr\\\/#organization\",\"name\":\"Fidu360\",\"url\":\"https:\\\/\\\/fidu360.ch\\\/fr\\\/\",\"logo\":{\"@type\":\"ImageObject\",\"inLanguage\":\"pt-PT\",\"@id\":\"https:\\\/\\\/fidu360.ch\\\/fr\\\/#\\\/schema\\\/logo\\\/image\\\/\",\"url\":\"https:\\\/\\\/fidu360.ch\\\/wp-content\\\/uploads\\\/2023\\\/09\\\/cropped-THP-LOGO-e1695636996674-1.png\",\"contentUrl\":\"https:\\\/\\\/fidu360.ch\\\/wp-content\\\/uploads\\\/2023\\\/09\\\/cropped-THP-LOGO-e1695636996674-1.png\",\"width\":2603,\"height\":2500,\"caption\":\"Fidu360\"},\"image\":{\"@id\":\"https:\\\/\\\/fidu360.ch\\\/fr\\\/#\\\/schema\\\/logo\\\/image\\\/\"}}]}<\/script>\n<!-- \/ Yoast SEO plugin. -->","yoast_head_json":{"title":"COOKIES ET AUTRES TECHNOLOGIES - Fidu360","robots":{"index":"index","follow":"follow","max-snippet":"max-snippet:-1","max-image-preview":"max-image-preview:large","max-video-preview":"max-video-preview:-1"},"canonical":"https:\/\/fidu360.ch\/pt\/cookies-et-autres-technologies\/","og_locale":"pt_PT","og_type":"article","og_title":"COOKIES ET AUTRES TECHNOLOGIES - Fidu360","og_description":"Les sites Web de la soci\u00e9t\u00e9, les services en ligne, les applications interactives, les messages \u00e9lectroniques et les publicit\u00e9s peuvent utiliser des \u00abcookies\u00bb et d&#8217;autres technologies telles que les pixels invisibles et les pixels invisibles. Ces technologies nous aident \u00e0 mieux comprendre le comportement des utilisateurs, nous indiquent les parties de nos sites Web visit\u00e9es, [&hellip;]","og_url":"https:\/\/fidu360.ch\/pt\/cookies-et-autres-technologies\/","og_site_name":"Fidu360","article_modified_time":"2020-06-30T19:16:48+00:00","twitter_card":"summary_large_image","twitter_misc":{"Tempo estimado de leitura":"4 minutos"},"schema":{"@context":"https:\/\/schema.org","@graph":[{"@type":"WebPage","@id":"https:\/\/fidu360.ch\/en\/cookies-et-autres-technologies\/","url":"https:\/\/fidu360.ch\/en\/cookies-et-autres-technologies\/","name":"COOKIES ET AUTRES TECHNOLOGIES - Fidu360","isPartOf":{"@id":"https:\/\/fidu360.ch\/fr\/#website"},"datePublished":"2018-05-24T16:09:54+00:00","dateModified":"2020-06-30T19:16:48+00:00","breadcrumb":{"@id":"https:\/\/fidu360.ch\/en\/cookies-et-autres-technologies\/#breadcrumb"},"inLanguage":"pt-PT","potentialAction":[{"@type":"ReadAction","target":["https:\/\/fidu360.ch\/en\/cookies-et-autres-technologies\/"]}]},{"@type":"BreadcrumbList","@id":"https:\/\/fidu360.ch\/en\/cookies-et-autres-technologies\/#breadcrumb","itemListElement":[{"@type":"ListItem","position":1,"name":"Home","item":"https:\/\/fidu360.ch\/pt\/"},{"@type":"ListItem","position":2,"name":"COOKIES ET AUTRES TECHNOLOGIES"}]},{"@type":"WebSite","@id":"https:\/\/fidu360.ch\/fr\/#website","url":"https:\/\/fidu360.ch\/fr\/","name":"Fidu360","description":"","publisher":{"@id":"https:\/\/fidu360.ch\/fr\/#organization"},"potentialAction":[{"@type":"SearchAction","target":{"@type":"EntryPoint","urlTemplate":"https:\/\/fidu360.ch\/fr\/?s={search_term_string}"},"query-input":{"@type":"PropertyValueSpecification","valueRequired":true,"valueName":"search_term_string"}}],"inLanguage":"pt-PT"},{"@type":"Organization","@id":"https:\/\/fidu360.ch\/fr\/#organization","name":"Fidu360","url":"https:\/\/fidu360.ch\/fr\/","logo":{"@type":"ImageObject","inLanguage":"pt-PT","@id":"https:\/\/fidu360.ch\/fr\/#\/schema\/logo\/image\/","url":"https:\/\/fidu360.ch\/wp-content\/uploads\/2023\/09\/cropped-THP-LOGO-e1695636996674-1.png","contentUrl":"https:\/\/fidu360.ch\/wp-content\/uploads\/2023\/09\/cropped-THP-LOGO-e1695636996674-1.png","width":2603,"height":2500,"caption":"Fidu360"},"image":{"@id":"https:\/\/fidu360.ch\/fr\/#\/schema\/logo\/image\/"}}]}},"_links":{"self":[{"href":"https:\/\/fidu360.ch\/pt\/wp-json\/wp\/v2\/pages\/3327","targetHints":{"allow":["GET"]}}],"collection":[{"href":"https:\/\/fidu360.ch\/pt\/wp-json\/wp\/v2\/pages"}],"about":[{"href":"https:\/\/fidu360.ch\/pt\/wp-json\/wp\/v2\/types\/page"}],"author":[{"embeddable":true,"href":"https:\/\/fidu360.ch\/pt\/wp-json\/wp\/v2\/users\/17"}],"replies":[{"embeddable":true,"href":"https:\/\/fidu360.ch\/pt\/wp-json\/wp\/v2\/comments?post=3327"}],"version-history":[{"count":0,"href":"https:\/\/fidu360.ch\/pt\/wp-json\/wp\/v2\/pages\/3327\/revisions"}],"wp:attachment":[{"href":"https:\/\/fidu360.ch\/pt\/wp-json\/wp\/v2\/media?parent=3327"}],"curies":[{"name":"wp","href":"https:\/\/api.w.org\/{rel}","templated":true}]}}