{"id":3322,"date":"2018-05-24T14:37:03","date_gmt":"2018-05-24T14:37:03","guid":{"rendered":"https:\/\/thpinvestservices.com\/?page_id=3322"},"modified":"2020-06-30T19:16:48","modified_gmt":"2020-06-30T19:16:48","slug":"centre-de-confidentialite","status":"publish","type":"page","link":"https:\/\/fidu360.ch\/pt\/centre-de-confidentialite\/","title":{"rendered":"CENTRO DE CONFIDENCIALIDADE"},"content":{"rendered":"<div class=\"wordpress-gdpr-privacy-center\"><div class=\"wordpress-gdpr-privacy-center-items\"><a href=\"https:\/\/fidu360.ch\/pt\/contacter-dpo\/\" class=\"wordpress-gdpr-privacy-center-item\"><div class=\"wordpress-gdpr-privacy-center-item-dpo\"><i class=\"fa fa-user-circle-o\"><\/i><h2 class=\"wordpress-gdpr-privacy-center-item-headline\">Entre em contato com a DPO<\/h2><p class=\"wordpress-gdpr-privacy-center-item-desc\">Entre em contato com o nosso respons\u00e1vel pela prote\u00e7\u00e3o de dados.<\/p><div class=\"wordpress-gdpr-privacy-center-item-action\">Saiba mais<\/div><\/div><\/a><a href=\"https:\/\/fidu360.ch\/pt\/cookies-et-autres-technologies\/\" class=\"wordpress-gdpr-privacy-center-item\"><div class=\"wordpress-gdpr-privacy-center-item-cookie-policy\"><i class=\"fa fa-list-alt\"><\/i><h2 class=\"wordpress-gdpr-privacy-center-item-headline\">Pol\u00edtica de Cookies<\/h2><p class=\"wordpress-gdpr-privacy-center-item-desc\">Read more about our Cookie Policy.<\/p><div class=\"wordpress-gdpr-privacy-center-item-action\">Saiba mais<\/div><\/div><\/a><a href=\"https:\/\/fidu360.ch\/pt\/oubliez-moi\/\" class=\"wordpress-gdpr-privacy-center-item\"><div class=\"wordpress-gdpr-privacy-center-item-forget-me\"><i class=\"fa fa-eraser\"><\/i><h2 class=\"wordpress-gdpr-privacy-center-item-headline\">Me esque\u00e7a<\/h2><p class=\"wordpress-gdpr-privacy-center-item-desc\">Envie uma solicita\u00e7\u00e3o para apagar seus dados privados.<\/p><div class=\"wordpress-gdpr-privacy-center-item-action\">Saiba mais<\/div><\/div><\/a><a href=\"https:\/\/fidu360.ch\/pt\/demande-de-fichier-de-donnees\/\" class=\"wordpress-gdpr-privacy-center-item\"><div class=\"wordpress-gdpr-privacy-center-item-request-data\"><i class=\"fa fa-database\"><\/i><h2 class=\"wordpress-gdpr-privacy-center-item-headline\">Solicitar dados<\/h2><p class=\"wordpress-gdpr-privacy-center-item-desc\">Envie uma solicita\u00e7\u00e3o para obter uma c\u00f3pia de todos os seus dados armazenados.<\/p><div class=\"wordpress-gdpr-privacy-center-item-action\">Saiba mais<\/div><\/div><\/a><a href=\"https:\/\/fidu360.ch\/pt\/politique-de-confidentialite\/\" class=\"wordpress-gdpr-privacy-center-item\"><div class=\"wordpress-gdpr-privacy-center-item-privacy-policy\"><i class=\"fa fa-file-text\"><\/i><h2 class=\"wordpress-gdpr-privacy-center-item-headline\">Pol\u00edtica de Privacidade<\/h2><p class=\"wordpress-gdpr-privacy-center-item-desc\">Leia sobre nossa Pol\u00edtica de Privacidade aqui.<\/p><div class=\"wordpress-gdpr-privacy-center-item-action\">Saiba mais<\/div><\/div><\/a><a href=\"https:\/\/fidu360.ch\/pt\/configurations-de-privacidade\/\" class=\"wordpress-gdpr-privacy-center-item\"><div class=\"wordpress-gdpr-privacy-center-item-privacy-settings\"><i class=\"fa fa-user-secret\"><\/i><h2 class=\"wordpress-gdpr-privacy-center-item-headline\">Configura\u00e7\u00f5es de Privacidade<\/h2><p class=\"wordpress-gdpr-privacy-center-item-desc\">Configure suas configura\u00e7\u00f5es de privacidade pessoal aqui.<\/p><div class=\"wordpress-gdpr-privacy-center-item-action\">Saiba mais<\/div><\/div><\/a><\/div><\/div>","protected":false},"excerpt":{"rendered":"","protected":false},"author":17,"featured_media":0,"parent":0,"menu_order":0,"comment_status":"closed","ping_status":"closed","template":"","meta":{"footnotes":""},"class_list":["post-3322","page","type-page","status-publish","hentry"],"yoast_head":"<!-- This site is optimized with the Yoast SEO plugin v27.3 - https:\/\/yoast.com\/product\/yoast-seo-wordpress\/ -->\n<title>CENTRE DE CONFIDENTIALIT\u00c9 - Fidu360<\/title>\n<meta name=\"robots\" content=\"index, follow, max-snippet:-1, max-image-preview:large, max-video-preview:-1\" \/>\n<link rel=\"canonical\" href=\"https:\/\/fidu360.ch\/pt\/centre-de-confidentialite\/\" \/>\n<meta property=\"og:locale\" content=\"pt_PT\" \/>\n<meta property=\"og:type\" content=\"article\" \/>\n<meta property=\"og:title\" content=\"CENTRE DE CONFIDENTIALIT\u00c9 - Fidu360\" \/>\n<meta property=\"og:url\" content=\"https:\/\/fidu360.ch\/pt\/centre-de-confidentialite\/\" \/>\n<meta property=\"og:site_name\" content=\"Fidu360\" \/>\n<meta property=\"article:modified_time\" content=\"2020-06-30T19:16:48+00:00\" \/>\n<meta name=\"twitter:card\" content=\"summary_large_image\" \/>\n<script type=\"application\/ld+json\" class=\"yoast-schema-graph\">{\"@context\":\"https:\\\/\\\/schema.org\",\"@graph\":[{\"@type\":\"WebPage\",\"@id\":\"https:\\\/\\\/fidu360.ch\\\/pt\\\/centre-de-confidentialite\\\/\",\"url\":\"https:\\\/\\\/fidu360.ch\\\/pt\\\/centre-de-confidentialite\\\/\",\"name\":\"CENTRE DE CONFIDENTIALIT\u00c9 - Fidu360\",\"isPartOf\":{\"@id\":\"https:\\\/\\\/fidu360.ch\\\/fr\\\/#website\"},\"datePublished\":\"2018-05-24T14:37:03+00:00\",\"dateModified\":\"2020-06-30T19:16:48+00:00\",\"breadcrumb\":{\"@id\":\"https:\\\/\\\/fidu360.ch\\\/pt\\\/centre-de-confidentialite\\\/#breadcrumb\"},\"inLanguage\":\"pt-PT\",\"potentialAction\":[{\"@type\":\"ReadAction\",\"target\":[\"https:\\\/\\\/fidu360.ch\\\/pt\\\/centre-de-confidentialite\\\/\"]}]},{\"@type\":\"BreadcrumbList\",\"@id\":\"https:\\\/\\\/fidu360.ch\\\/pt\\\/centre-de-confidentialite\\\/#breadcrumb\",\"itemListElement\":[{\"@type\":\"ListItem\",\"position\":1,\"name\":\"Home\",\"item\":\"https:\\\/\\\/fidu360.ch\\\/pt\\\/\"},{\"@type\":\"ListItem\",\"position\":2,\"name\":\"CENTRE DE CONFIDENTIALIT\u00c9\"}]},{\"@type\":\"WebSite\",\"@id\":\"https:\\\/\\\/fidu360.ch\\\/fr\\\/#website\",\"url\":\"https:\\\/\\\/fidu360.ch\\\/fr\\\/\",\"name\":\"Fidu360\",\"description\":\"\",\"publisher\":{\"@id\":\"https:\\\/\\\/fidu360.ch\\\/fr\\\/#organization\"},\"potentialAction\":[{\"@type\":\"SearchAction\",\"target\":{\"@type\":\"EntryPoint\",\"urlTemplate\":\"https:\\\/\\\/fidu360.ch\\\/fr\\\/?s={search_term_string}\"},\"query-input\":{\"@type\":\"PropertyValueSpecification\",\"valueRequired\":true,\"valueName\":\"search_term_string\"}}],\"inLanguage\":\"pt-PT\"},{\"@type\":\"Organization\",\"@id\":\"https:\\\/\\\/fidu360.ch\\\/fr\\\/#organization\",\"name\":\"Fidu360\",\"url\":\"https:\\\/\\\/fidu360.ch\\\/fr\\\/\",\"logo\":{\"@type\":\"ImageObject\",\"inLanguage\":\"pt-PT\",\"@id\":\"https:\\\/\\\/fidu360.ch\\\/fr\\\/#\\\/schema\\\/logo\\\/image\\\/\",\"url\":\"https:\\\/\\\/fidu360.ch\\\/wp-content\\\/uploads\\\/2023\\\/09\\\/cropped-THP-LOGO-e1695636996674-1.png\",\"contentUrl\":\"https:\\\/\\\/fidu360.ch\\\/wp-content\\\/uploads\\\/2023\\\/09\\\/cropped-THP-LOGO-e1695636996674-1.png\",\"width\":2603,\"height\":2500,\"caption\":\"Fidu360\"},\"image\":{\"@id\":\"https:\\\/\\\/fidu360.ch\\\/fr\\\/#\\\/schema\\\/logo\\\/image\\\/\"}}]}<\/script>\n<!-- \/ Yoast SEO plugin. -->","yoast_head_json":{"title":"CENTRE DE CONFIDENTIALIT\u00c9 - Fidu360","robots":{"index":"index","follow":"follow","max-snippet":"max-snippet:-1","max-image-preview":"max-image-preview:large","max-video-preview":"max-video-preview:-1"},"canonical":"https:\/\/fidu360.ch\/pt\/centre-de-confidentialite\/","og_locale":"pt_PT","og_type":"article","og_title":"CENTRE DE CONFIDENTIALIT\u00c9 - Fidu360","og_url":"https:\/\/fidu360.ch\/pt\/centre-de-confidentialite\/","og_site_name":"Fidu360","article_modified_time":"2020-06-30T19:16:48+00:00","twitter_card":"summary_large_image","schema":{"@context":"https:\/\/schema.org","@graph":[{"@type":"WebPage","@id":"https:\/\/fidu360.ch\/pt\/centre-de-confidentialite\/","url":"https:\/\/fidu360.ch\/pt\/centre-de-confidentialite\/","name":"CENTRE DE CONFIDENTIALIT\u00c9 - Fidu360","isPartOf":{"@id":"https:\/\/fidu360.ch\/fr\/#website"},"datePublished":"2018-05-24T14:37:03+00:00","dateModified":"2020-06-30T19:16:48+00:00","breadcrumb":{"@id":"https:\/\/fidu360.ch\/pt\/centre-de-confidentialite\/#breadcrumb"},"inLanguage":"pt-PT","potentialAction":[{"@type":"ReadAction","target":["https:\/\/fidu360.ch\/pt\/centre-de-confidentialite\/"]}]},{"@type":"BreadcrumbList","@id":"https:\/\/fidu360.ch\/pt\/centre-de-confidentialite\/#breadcrumb","itemListElement":[{"@type":"ListItem","position":1,"name":"Home","item":"https:\/\/fidu360.ch\/pt\/"},{"@type":"ListItem","position":2,"name":"CENTRE DE CONFIDENTIALIT\u00c9"}]},{"@type":"WebSite","@id":"https:\/\/fidu360.ch\/fr\/#website","url":"https:\/\/fidu360.ch\/fr\/","name":"Fidu360","description":"","publisher":{"@id":"https:\/\/fidu360.ch\/fr\/#organization"},"potentialAction":[{"@type":"SearchAction","target":{"@type":"EntryPoint","urlTemplate":"https:\/\/fidu360.ch\/fr\/?s={search_term_string}"},"query-input":{"@type":"PropertyValueSpecification","valueRequired":true,"valueName":"search_term_string"}}],"inLanguage":"pt-PT"},{"@type":"Organization","@id":"https:\/\/fidu360.ch\/fr\/#organization","name":"Fidu360","url":"https:\/\/fidu360.ch\/fr\/","logo":{"@type":"ImageObject","inLanguage":"pt-PT","@id":"https:\/\/fidu360.ch\/fr\/#\/schema\/logo\/image\/","url":"https:\/\/fidu360.ch\/wp-content\/uploads\/2023\/09\/cropped-THP-LOGO-e1695636996674-1.png","contentUrl":"https:\/\/fidu360.ch\/wp-content\/uploads\/2023\/09\/cropped-THP-LOGO-e1695636996674-1.png","width":2603,"height":2500,"caption":"Fidu360"},"image":{"@id":"https:\/\/fidu360.ch\/fr\/#\/schema\/logo\/image\/"}}]}},"_links":{"self":[{"href":"https:\/\/fidu360.ch\/pt\/wp-json\/wp\/v2\/pages\/3322","targetHints":{"allow":["GET"]}}],"collection":[{"href":"https:\/\/fidu360.ch\/pt\/wp-json\/wp\/v2\/pages"}],"about":[{"href":"https:\/\/fidu360.ch\/pt\/wp-json\/wp\/v2\/types\/page"}],"author":[{"embeddable":true,"href":"https:\/\/fidu360.ch\/pt\/wp-json\/wp\/v2\/users\/17"}],"replies":[{"embeddable":true,"href":"https:\/\/fidu360.ch\/pt\/wp-json\/wp\/v2\/comments?post=3322"}],"version-history":[{"count":0,"href":"https:\/\/fidu360.ch\/pt\/wp-json\/wp\/v2\/pages\/3322\/revisions"}],"wp:attachment":[{"href":"https:\/\/fidu360.ch\/pt\/wp-json\/wp\/v2\/media?parent=3322"}],"curies":[{"name":"wp","href":"https:\/\/api.w.org\/{rel}","templated":true}]}}