{"id":3165,"date":"2018-03-29T00:26:10","date_gmt":"2018-03-29T00:26:10","guid":{"rendered":"https:\/\/thpinvestservices.com\/?page_id=3165"},"modified":"2023-07-15T14:27:19","modified_gmt":"2023-07-15T14:27:19","slug":"politique-de-confidentialite","status":"publish","type":"page","link":"https:\/\/fidu360.ch\/pt\/politique-de-confidentialite\/","title":{"rendered":"Politica de Privacidade"},"content":{"rendered":"<p><strong>Politica de Privacidade<\/strong><\/p>\n<p>Bienvenue sur https:\/\/fidu360.ch (le \u00abSite\u00bb) Nous comprenons que la confidentialit\u00e9 en ligne est importante pour les utilisateurs de notre Site, en particulier lors de la conduite des affaires.Cette d\u00e9claration r\u00e9git nos politiques de confidentialit\u00e9 \u00e0 l&#8217;\u00e9gard de ces utilisateurs du Site (&#8221; Visiteurs &#8220;) qui visitent sans transaction et Visiteurs qui s&#8217;inscrivent pour effectuer des transactions sur le Site et utilisent les diff\u00e9rents services propos\u00e9s par Fidu360 (collectivement,&#8221; Services &#8220;) (&#8221; Clients Autoris\u00e9s &#8220;).<\/p>\n<p>\"Informa\u00e7\u00e3o pessoalmente identific\u00e1vel\"<\/p>\n<p>refere-se a qualquer informa\u00e7\u00e3o que identifique ou possa ser usada para identificar, entrar em contato ou localizar a pessoa a quem essa informa\u00e7\u00e3o pertence, incluindo, entre outros, nome, endere\u00e7o, n\u00famero de telefone, n\u00famero de fax, n\u00famero de fax, endere\u00e7o de e-mail, perfis financeiros, n\u00famero da previd\u00eancia social e informa\u00e7\u00f5es do cart\u00e3o de cr\u00e9dito. As informa\u00e7\u00f5es de identifica\u00e7\u00e3o pessoal n\u00e3o incluem as informa\u00e7\u00f5es coletadas anonimamente (ou seja, sem identificar o usu\u00e1rio individual) ou as informa\u00e7\u00f5es demogr\u00e1ficas n\u00e3o relacionadas a uma pessoa identificada.<\/p>\n<p>Quais informa\u00e7\u00f5es de identifica\u00e7\u00e3o pessoal s\u00e3o coletadas?<\/p>\n<p>Podemos coletar informa\u00e7\u00f5es b\u00e1sicas sobre o perfil do usu\u00e1rio de todos os nossos visitantes. Coletamos as seguintes informa\u00e7\u00f5es adicionais de nossos clientes autorizados: nomes, endere\u00e7os, n\u00fameros de telefone e endere\u00e7os de e-mail de clientes autorizados, natureza e tamanho dos neg\u00f3cios, natureza e tamanho do invent\u00e1rio de publicidade que o cliente autorizado possui inten\u00e7\u00e3o de comprar ou vender.<\/p>\n<p>Quais organiza\u00e7\u00f5es coletam as informa\u00e7\u00f5es?<\/p>\n<p>En plus de notre collecte directe d&#8217;informations, nos fournisseurs de services tiers (tels que les soci\u00e9t\u00e9s de cartes de cr\u00e9dit, les chambres de compensation et les banques) qui peuvent fournir des services de cr\u00e9dit, d&#8217;assurance et d&#8217;entiercement peuvent recueillir ces informations aupr\u00e8s de nos visiteurs et clients autoris\u00e9s. Nous ne contr\u00f4lons pas la fa\u00e7on dont ces tiers utilisent ces informations, mais nous leur demandons de divulguer comment ils utilisent les informations personnelles qui leur sont fournies par les visiteurs et les clients autoris\u00e9s. Certains de ces tiers peuvent \u00eatre des interm\u00e9diaires qui agissent uniquement en tant que liens dans la cha\u00eene de distribution et ne stockent pas, ne conservent pas ou n&#8217;utilisent pas les informations qui leur sont fournies.<\/p>\n<p>Comment le site utilise-t-il les informations personnelles identifiables?<\/p>\n<p>Usamos informa\u00e7\u00f5es de identifica\u00e7\u00e3o pessoal para personalizar o site, fornecer ofertas de servi\u00e7os apropriadas e responder a solicita\u00e7\u00f5es de compra e venda no site. Podemos enviar e-mails para visitantes e clientes autorizados sobre pesquisas ou oportunidades de compra e venda no site ou informa\u00e7\u00f5es relacionadas ao assunto do site. Tamb\u00e9m podemos usar informa\u00e7\u00f5es de identifica\u00e7\u00e3o pessoal para entrar em contato com visitantes e clientes autorizados em resposta a perguntas espec\u00edficas ou para fornecer as informa\u00e7\u00f5es solicitadas.<\/p>\n<p>Com quem as informa\u00e7\u00f5es podem ser compartilhadas?<\/p>\n<p>Informa\u00e7\u00f5es de identifica\u00e7\u00e3o pessoal sobre clientes autorizados podem ser compartilhadas com outros clientes autorizados que desejam avaliar transa\u00e7\u00f5es em potencial com outros clientes autorizados. Podemos compartilhar informa\u00e7\u00f5es agregadas sobre nossos visitantes, incluindo dados demogr\u00e1ficos de nossos visitantes e clientes autorizados, com nossas ag\u00eancias afiliadas e fornecedores terceirizados. Tamb\u00e9m oferecemos a op\u00e7\u00e3o de \"optar por n\u00e3o receber\" informa\u00e7\u00f5es ou ser contatado por n\u00f3s ou por qualquer ag\u00eancia que atue em nosso nome.<\/p>\n<p>Como as informa\u00e7\u00f5es pessoais s\u00e3o armazenadas?<\/p>\n<p>Les informations personnellement identifiables collect\u00e9es par Fidu360 sont stock\u00e9es de mani\u00e8re s\u00e9curis\u00e9e et ne sont pas accessibles \u00e0 des tiers ou \u00e0 des employ\u00e9s de Fidu360, sauf pour l&#8217;utilisation indiqu\u00e9e ci-dessus.<\/p>\n<p>Quels sont les choix offerts aux visiteurs concernant la collecte, l&#8217;utilisation et la distribution de l&#8217;information?<\/p>\n<p>Os visitantes e clientes autorizados podem optar por n\u00e3o receber informa\u00e7\u00f5es n\u00e3o solicitadas ou serem contatados por n\u00f3s e \/ ou nossos fornecedores e ag\u00eancias afiliadas, respondendo a e-mails conforme as instru\u00e7\u00f5es ou entrando em contato conosco em<\/p>\n<p>Os cookies s\u00e3o usados \u200b\u200bno site?<\/p>\n<p>Os cookies s\u00e3o usados \u200b\u200bpor v\u00e1rios motivos. Utilizamos cookies para obter informa\u00e7\u00f5es sobre as prefer\u00eancias de nossos visitantes e os servi\u00e7os que eles selecionam. Tamb\u00e9m usamos cookies para fins de seguran\u00e7a para proteger nossos clientes autorizados. Por exemplo, se um cliente autorizado estiver conectado e o site n\u00e3o for utilizado por mais de 10 minutos, desconectaremos automaticamente o cliente autorizado.<\/p>\n<p>Comment THP Invest Services utilise-t-il les informations de connexion?<\/p>\n<p>THP Invest Services utilise les informations de connexion, notamment les adresses IP, les FAI et les types de navigateur, pour analyser les tendances, administrer le site, suivre le mouvement et l&#8217;utilisation d&#8217;un utilisateur et recueillir des informations d\u00e9mographiques g\u00e9n\u00e9rales.<\/p>\n<p>Quais parceiros ou provedores de servi\u00e7os t\u00eam acesso \u00e0s informa\u00e7\u00f5es pessoais dos visitantes e \/ ou clientes autorizados no site?<\/p>\n<p>A THP Invest Services firmou e continuar\u00e1 a firmar parcerias e outras afilia\u00e7\u00f5es com v\u00e1rios fornecedores. Esses provedores podem ter acesso a determinadas informa\u00e7\u00f5es de identifica\u00e7\u00e3o pessoal com base na necessidade de saber para avaliar os clientes autorizados quanto \u00e0 elegibilidade do servi\u00e7o. Nossa privacidade<\/p>","protected":false},"excerpt":{"rendered":"<p>Politique de confidentialit\u00e9 Bienvenue sur https:\/\/fidu360.ch (le \u00abSite\u00bb) Nous comprenons que la confidentialit\u00e9 en ligne est importante pour les utilisateurs de notre Site, en particulier lors de la conduite des affaires.Cette d\u00e9claration r\u00e9git nos politiques de confidentialit\u00e9 \u00e0 l&#8217;\u00e9gard de ces utilisateurs du Site (&#8221; Visiteurs &#8220;) qui visitent sans transaction et Visiteurs qui s&#8217;inscrivent [&hellip;]<\/p>\n","protected":false},"author":17,"featured_media":0,"parent":0,"menu_order":0,"comment_status":"closed","ping_status":"closed","template":"","meta":{"footnotes":""},"class_list":["post-3165","page","type-page","status-publish","hentry"],"yoast_head":"<!-- This site is optimized with the Yoast SEO plugin v27.3 - https:\/\/yoast.com\/product\/yoast-seo-wordpress\/ -->\n<title>Politique de confidentialit\u00e9 - Fidu360<\/title>\n<meta name=\"robots\" content=\"index, follow, max-snippet:-1, max-image-preview:large, max-video-preview:-1\" \/>\n<link rel=\"canonical\" href=\"http:\/\/fidu360.ch\/pt\/politique-de-confidentialite\/\" \/>\n<meta property=\"og:locale\" content=\"pt_PT\" \/>\n<meta property=\"og:type\" content=\"article\" \/>\n<meta property=\"og:title\" content=\"Politique de confidentialit\u00e9 - Fidu360\" \/>\n<meta property=\"og:description\" content=\"Politique de confidentialit\u00e9 Bienvenue sur https:\/\/fidu360.ch (le \u00abSite\u00bb) Nous comprenons que la confidentialit\u00e9 en ligne est importante pour les utilisateurs de notre Site, en particulier lors de la conduite des affaires.Cette d\u00e9claration r\u00e9git nos politiques de confidentialit\u00e9 \u00e0 l&#8217;\u00e9gard de ces utilisateurs du Site (&#8221; Visiteurs &#8220;) qui visitent sans transaction et Visiteurs qui s&#8217;inscrivent [&hellip;]\" \/>\n<meta property=\"og:url\" content=\"http:\/\/fidu360.ch\/pt\/politique-de-confidentialite\/\" \/>\n<meta property=\"og:site_name\" content=\"Fidu360\" \/>\n<meta property=\"article:modified_time\" content=\"2023-07-15T14:27:19+00:00\" \/>\n<meta name=\"twitter:card\" content=\"summary_large_image\" \/>\n<meta name=\"twitter:label1\" content=\"Tempo estimado de leitura\" \/>\n\t<meta name=\"twitter:data1\" content=\"4 minutos\" \/>\n<script type=\"application\/ld+json\" class=\"yoast-schema-graph\">{\"@context\":\"https:\\\/\\\/schema.org\",\"@graph\":[{\"@type\":\"WebPage\",\"@id\":\"http:\\\/\\\/fidu360.ch\\\/fr\\\/politique-de-confidentialite\\\/\",\"url\":\"http:\\\/\\\/fidu360.ch\\\/fr\\\/politique-de-confidentialite\\\/\",\"name\":\"Politique de confidentialit\u00e9 - Fidu360\",\"isPartOf\":{\"@id\":\"https:\\\/\\\/fidu360.ch\\\/fr\\\/#website\"},\"datePublished\":\"2018-03-29T00:26:10+00:00\",\"dateModified\":\"2023-07-15T14:27:19+00:00\",\"breadcrumb\":{\"@id\":\"http:\\\/\\\/fidu360.ch\\\/fr\\\/politique-de-confidentialite\\\/#breadcrumb\"},\"inLanguage\":\"pt-PT\",\"potentialAction\":[{\"@type\":\"ReadAction\",\"target\":[\"http:\\\/\\\/fidu360.ch\\\/fr\\\/politique-de-confidentialite\\\/\"]}]},{\"@type\":\"BreadcrumbList\",\"@id\":\"http:\\\/\\\/fidu360.ch\\\/fr\\\/politique-de-confidentialite\\\/#breadcrumb\",\"itemListElement\":[{\"@type\":\"ListItem\",\"position\":1,\"name\":\"Home\",\"item\":\"https:\\\/\\\/fidu360.ch\\\/pt\\\/\"},{\"@type\":\"ListItem\",\"position\":2,\"name\":\"Politique de confidentialit\u00e9\"}]},{\"@type\":\"WebSite\",\"@id\":\"https:\\\/\\\/fidu360.ch\\\/fr\\\/#website\",\"url\":\"https:\\\/\\\/fidu360.ch\\\/fr\\\/\",\"name\":\"Fidu360\",\"description\":\"\",\"publisher\":{\"@id\":\"https:\\\/\\\/fidu360.ch\\\/fr\\\/#organization\"},\"potentialAction\":[{\"@type\":\"SearchAction\",\"target\":{\"@type\":\"EntryPoint\",\"urlTemplate\":\"https:\\\/\\\/fidu360.ch\\\/fr\\\/?s={search_term_string}\"},\"query-input\":{\"@type\":\"PropertyValueSpecification\",\"valueRequired\":true,\"valueName\":\"search_term_string\"}}],\"inLanguage\":\"pt-PT\"},{\"@type\":\"Organization\",\"@id\":\"https:\\\/\\\/fidu360.ch\\\/fr\\\/#organization\",\"name\":\"Fidu360\",\"url\":\"https:\\\/\\\/fidu360.ch\\\/fr\\\/\",\"logo\":{\"@type\":\"ImageObject\",\"inLanguage\":\"pt-PT\",\"@id\":\"https:\\\/\\\/fidu360.ch\\\/fr\\\/#\\\/schema\\\/logo\\\/image\\\/\",\"url\":\"https:\\\/\\\/fidu360.ch\\\/wp-content\\\/uploads\\\/2023\\\/09\\\/cropped-THP-LOGO-e1695636996674-1.png\",\"contentUrl\":\"https:\\\/\\\/fidu360.ch\\\/wp-content\\\/uploads\\\/2023\\\/09\\\/cropped-THP-LOGO-e1695636996674-1.png\",\"width\":2603,\"height\":2500,\"caption\":\"Fidu360\"},\"image\":{\"@id\":\"https:\\\/\\\/fidu360.ch\\\/fr\\\/#\\\/schema\\\/logo\\\/image\\\/\"}}]}<\/script>\n<!-- \/ Yoast SEO plugin. -->","yoast_head_json":{"title":"Politique de confidentialit\u00e9 - Fidu360","robots":{"index":"index","follow":"follow","max-snippet":"max-snippet:-1","max-image-preview":"max-image-preview:large","max-video-preview":"max-video-preview:-1"},"canonical":"http:\/\/fidu360.ch\/pt\/politique-de-confidentialite\/","og_locale":"pt_PT","og_type":"article","og_title":"Politique de confidentialit\u00e9 - Fidu360","og_description":"Politique de confidentialit\u00e9 Bienvenue sur https:\/\/fidu360.ch (le \u00abSite\u00bb) Nous comprenons que la confidentialit\u00e9 en ligne est importante pour les utilisateurs de notre Site, en particulier lors de la conduite des affaires.Cette d\u00e9claration r\u00e9git nos politiques de confidentialit\u00e9 \u00e0 l&#8217;\u00e9gard de ces utilisateurs du Site (&#8221; Visiteurs &#8220;) qui visitent sans transaction et Visiteurs qui s&#8217;inscrivent [&hellip;]","og_url":"http:\/\/fidu360.ch\/pt\/politique-de-confidentialite\/","og_site_name":"Fidu360","article_modified_time":"2023-07-15T14:27:19+00:00","twitter_card":"summary_large_image","twitter_misc":{"Tempo estimado de leitura":"4 minutos"},"schema":{"@context":"https:\/\/schema.org","@graph":[{"@type":"WebPage","@id":"http:\/\/fidu360.ch\/fr\/politique-de-confidentialite\/","url":"http:\/\/fidu360.ch\/fr\/politique-de-confidentialite\/","name":"Politique de confidentialit\u00e9 - Fidu360","isPartOf":{"@id":"https:\/\/fidu360.ch\/fr\/#website"},"datePublished":"2018-03-29T00:26:10+00:00","dateModified":"2023-07-15T14:27:19+00:00","breadcrumb":{"@id":"http:\/\/fidu360.ch\/fr\/politique-de-confidentialite\/#breadcrumb"},"inLanguage":"pt-PT","potentialAction":[{"@type":"ReadAction","target":["http:\/\/fidu360.ch\/fr\/politique-de-confidentialite\/"]}]},{"@type":"BreadcrumbList","@id":"http:\/\/fidu360.ch\/fr\/politique-de-confidentialite\/#breadcrumb","itemListElement":[{"@type":"ListItem","position":1,"name":"Home","item":"https:\/\/fidu360.ch\/pt\/"},{"@type":"ListItem","position":2,"name":"Politique de confidentialit\u00e9"}]},{"@type":"WebSite","@id":"https:\/\/fidu360.ch\/fr\/#website","url":"https:\/\/fidu360.ch\/fr\/","name":"Fidu360","description":"","publisher":{"@id":"https:\/\/fidu360.ch\/fr\/#organization"},"potentialAction":[{"@type":"SearchAction","target":{"@type":"EntryPoint","urlTemplate":"https:\/\/fidu360.ch\/fr\/?s={search_term_string}"},"query-input":{"@type":"PropertyValueSpecification","valueRequired":true,"valueName":"search_term_string"}}],"inLanguage":"pt-PT"},{"@type":"Organization","@id":"https:\/\/fidu360.ch\/fr\/#organization","name":"Fidu360","url":"https:\/\/fidu360.ch\/fr\/","logo":{"@type":"ImageObject","inLanguage":"pt-PT","@id":"https:\/\/fidu360.ch\/fr\/#\/schema\/logo\/image\/","url":"https:\/\/fidu360.ch\/wp-content\/uploads\/2023\/09\/cropped-THP-LOGO-e1695636996674-1.png","contentUrl":"https:\/\/fidu360.ch\/wp-content\/uploads\/2023\/09\/cropped-THP-LOGO-e1695636996674-1.png","width":2603,"height":2500,"caption":"Fidu360"},"image":{"@id":"https:\/\/fidu360.ch\/fr\/#\/schema\/logo\/image\/"}}]}},"_links":{"self":[{"href":"https:\/\/fidu360.ch\/pt\/wp-json\/wp\/v2\/pages\/3165","targetHints":{"allow":["GET"]}}],"collection":[{"href":"https:\/\/fidu360.ch\/pt\/wp-json\/wp\/v2\/pages"}],"about":[{"href":"https:\/\/fidu360.ch\/pt\/wp-json\/wp\/v2\/types\/page"}],"author":[{"embeddable":true,"href":"https:\/\/fidu360.ch\/pt\/wp-json\/wp\/v2\/users\/17"}],"replies":[{"embeddable":true,"href":"https:\/\/fidu360.ch\/pt\/wp-json\/wp\/v2\/comments?post=3165"}],"version-history":[{"count":0,"href":"https:\/\/fidu360.ch\/pt\/wp-json\/wp\/v2\/pages\/3165\/revisions"}],"wp:attachment":[{"href":"https:\/\/fidu360.ch\/pt\/wp-json\/wp\/v2\/media?parent=3165"}],"curies":[{"name":"wp","href":"https:\/\/api.w.org\/{rel}","templated":true}]}}