{"id":66495,"date":"2024-12-10T22:25:35","date_gmt":"2024-12-10T22:25:35","guid":{"rendered":"https:\/\/fidu360.ch\/?page_id=66495"},"modified":"2026-03-05T17:30:17","modified_gmt":"2026-03-05T17:30:17","slug":"prise-de-rendez-vous","status":"publish","type":"page","link":"https:\/\/fidu360.ch\/fr\/prise-de-rendez-vous\/","title":{"rendered":"Prise de Rendez-vous"},"content":{"rendered":"\t\t<div data-elementor-type=\"wp-page\" data-elementor-id=\"66495\" class=\"elementor elementor-66495\" data-elementor-post-type=\"page\">\n\t\t\t\t<div class=\"elementor-element elementor-element-185107c e-con-full e-flex e-con e-parent\" data-id=\"185107c\" data-element_type=\"container\" data-e-type=\"container\" data-settings=\"{&quot;background_background&quot;:&quot;classic&quot;}\">\n\t\t<div class=\"elementor-element elementor-element-1c92655 e-con-full e-flex e-con e-child\" data-id=\"1c92655\" data-element_type=\"container\" data-e-type=\"container\">\n\t\t\t\t<div class=\"elementor-element elementor-element-b7555a7 elementor-widget elementor-widget-heading\" data-id=\"b7555a7\" data-element_type=\"widget\" data-e-type=\"widget\" data-widget_type=\"heading.default\">\n\t\t\t\t<div class=\"elementor-widget-container\">\n\t\t\t\t\t<h3 class=\"elementor-heading-title elementor-size-default\">Prise de Rendez-vous<\/h3>\t\t\t\t<\/div>\n\t\t\t\t<\/div>\n\t\t\t\t<\/div>\n\t\t\t\t<\/div>\n\t\t<div class=\"elementor-element elementor-element-9144662 e-flex e-con-boxed e-con e-parent\" data-id=\"9144662\" data-element_type=\"container\" data-e-type=\"container\">\n\t\t\t\t\t<div class=\"e-con-inner\">\n\t\t<div class=\"elementor-element elementor-element-e8d93b2 e-con-full e-flex e-con e-child\" data-id=\"e8d93b2\" data-element_type=\"container\" data-e-type=\"container\">\n\t\t<div class=\"elementor-element elementor-element-a492f46 e-con-full e-flex e-con e-child\" data-id=\"a492f46\" data-element_type=\"container\" data-e-type=\"container\">\n\t\t<div class=\"elementor-element elementor-element-f960cec e-con-full e-flex e-con e-child\" data-id=\"f960cec\" data-element_type=\"container\" data-e-type=\"container\">\n\t\t\t\t<\/div>\n\t\t<div class=\"elementor-element elementor-element-38b3d02 e-con-full e-flex e-con e-child\" data-id=\"38b3d02\" data-element_type=\"container\" data-e-type=\"container\">\n\t\t\t\t<div class=\"elementor-element elementor-element-dbf835f elementor-hidden-mobile elementor-button-align-stretch elementor-widget elementor-widget-form\" data-id=\"dbf835f\" data-element_type=\"widget\" data-e-type=\"widget\" data-settings=\"{&quot;step_next_label&quot;:&quot;Next&quot;,&quot;step_previous_label&quot;:&quot;Previous&quot;,&quot;step_type&quot;:&quot;icon&quot;,&quot;step_icon_shape&quot;:&quot;none&quot;,&quot;button_width&quot;:&quot;100&quot;}\" data-widget_type=\"form.default\">\n\t\t\t\t<div class=\"elementor-widget-container\">\n\t\t\t\t\t\t\t<form class=\"elementor-form\" method=\"post\" >\n\t\t\t<input type=\"hidden\" name=\"post_id\" value=\"66495\"\/>\n\t\t\t<input type=\"hidden\" name=\"form_id\" value=\"dbf835f\"\/>\n\t\t\t<input type=\"hidden\" name=\"referer_title\" value=\"Prise de Rendez-vous - Fidu360\" \/>\n\n\t\t\t\t\t\t\t<input type=\"hidden\" name=\"queried_id\" value=\"66495\"\/>\n\t\t\t\n\t\t\t<div class=\"elementor-form-fields-wrapper elementor-labels-\">\n\t\t\t\t\t\t\t\t<div class=\"elementor-field-type-text elementor-field-group elementor-column elementor-field-group-nom elementor-col-50 elementor-field-required\">\n\t\t\t\t\t\t\t\t\t\t\t\t<label for=\"form-field-nom\" class=\"elementor-field-label elementor-screen-only\">\n\t\t\t\t\t\t\t\tNom\t\t\t\t\t\t\t<\/label>\n\t\t\t\t\t\t\t\t\t\t\t\t\t\t<input size=\"1\" type=\"text\" name=\"form_fields[nom]\" id=\"form-field-nom\" class=\"elementor-field elementor-size-sm  elementor-field-textual\" placeholder=\"Nom\" required=\"required\">\n\t\t\t\t\t\t\t\t\t\t\t<\/div>\n\t\t\t\t\t\t\t\t<div class=\"elementor-field-type-text elementor-field-group elementor-column elementor-field-group-prenom elementor-col-50 elementor-field-required\">\n\t\t\t\t\t\t\t\t\t\t\t\t<label for=\"form-field-prenom\" class=\"elementor-field-label elementor-screen-only\">\n\t\t\t\t\t\t\t\tPr\u00e9nom\t\t\t\t\t\t\t<\/label>\n\t\t\t\t\t\t\t\t\t\t\t\t\t\t<input size=\"1\" type=\"text\" name=\"form_fields[prenom]\" id=\"form-field-prenom\" class=\"elementor-field elementor-size-sm  elementor-field-textual\" placeholder=\"Pr\u00e9nom\" required=\"required\">\n\t\t\t\t\t\t\t\t\t\t\t<\/div>\n\t\t\t\t\t\t\t\t<div class=\"elementor-field-type-email elementor-field-group elementor-column elementor-field-group-email elementor-col-50 elementor-field-required\">\n\t\t\t\t\t\t\t\t\t\t\t\t<label for=\"form-field-email\" class=\"elementor-field-label elementor-screen-only\">\n\t\t\t\t\t\t\t\tEmail\t\t\t\t\t\t\t<\/label>\n\t\t\t\t\t\t\t\t\t\t\t\t\t\t<input size=\"1\" type=\"email\" name=\"form_fields[email]\" id=\"form-field-email\" class=\"elementor-field elementor-size-sm  elementor-field-textual\" placeholder=\"Email\" required=\"required\">\n\t\t\t\t\t\t\t\t\t\t\t<\/div>\n\t\t\t\t\t\t\t\t<div class=\"elementor-field-type-tel elementor-field-group elementor-column elementor-field-group-telephone elementor-col-50\">\n\t\t\t\t\t\t\t\t\t\t\t\t<label for=\"form-field-telephone\" class=\"elementor-field-label elementor-screen-only\">\n\t\t\t\t\t\t\t\tT\u00e9l\u00e9phone\t\t\t\t\t\t\t<\/label>\n\t\t\t\t\t\t\t\t<input size=\"1\" type=\"tel\" name=\"form_fields[telephone]\" id=\"form-field-telephone\" class=\"elementor-field elementor-size-sm  elementor-field-textual\" placeholder=\"T\u00e9l\u00e9phone\" pattern=\"[0-9()#&amp;+*-=.]+\" title=\"Only numbers and phone characters (#, -, *, etc) are accepted.\">\n\n\t\t\t\t\t\t<\/div>\n\t\t\t\t\t\t\t\t<div class=\"elementor-field-type-html elementor-field-group elementor-column elementor-field-group-field_509abf4 elementor-col-100\">\n\t\t\t\t\tDe quel type de services avez-vous besoin?\t\t\t\t<\/div>\n\t\t\t\t\t\t\t\t<div class=\"elementor-field-type-html elementor-field-group elementor-column elementor-field-group-field_b3587da elementor-col-50\">\n\t\t\t\t\tParticulier\t\t\t\t<\/div>\n\t\t\t\t\t\t\t\t<div class=\"elementor-field-type-html elementor-field-group elementor-column elementor-field-group-field_221bf2d elementor-col-50\">\n\t\t\t\t\tEntreprise\t\t\t\t<\/div>\n\t\t\t\t\t\t\t\t<div class=\"elementor-field-type-select elementor-field-group elementor-column elementor-field-group-Particulier elementor-col-50\">\n\t\t\t\t\t\t\t\t\t\t\t\t<label for=\"form-field-Particulier\" class=\"elementor-field-label elementor-screen-only\">\n\t\t\t\t\t\t\t\tParticulier\t\t\t\t\t\t\t<\/label>\n\t\t\t\t\t\t\t\t<div class=\"elementor-field elementor-select-wrapper remove-before \">\n\t\t\t<div class=\"select-caret-down-wrapper\">\n\t\t\t\t<i aria-hidden=\"true\" class=\"eicon-caret-down\"><\/i>\t\t\t<\/div>\n\t\t\t<select name=\"form_fields[Particulier]\" id=\"form-field-Particulier\" class=\"elementor-field-textual elementor-size-sm\">\n\t\t\t\t\t\t\t\t\t<option value=\"-\">-<\/option>\n\t\t\t\t\t\t\t\t\t<option value=\"impots_particulier\">Imp\u00f4ts<\/option>\n\t\t\t\t\t\t\t\t\t<option value=\"fiscalite_particulier\">Fiscalit\u00e9<\/option>\n\t\t\t\t\t\t\t\t\t<option value=\"prevoyance_particulier\">Pr\u00e9voyance<\/option>\n\t\t\t\t\t\t\t\t\t<option value=\"juridique_particulier\">Juridique<\/option>\n\t\t\t\t\t\t\t\t\t<option value=\"soutien_administratif\">Soutien administratif<\/option>\n\t\t\t\t\t\t\t<\/select>\n\t\t<\/div>\n\t\t\t\t\t\t<\/div>\n\t\t\t\t\t\t\t\t<div class=\"elementor-field-type-select elementor-field-group elementor-column elementor-field-group-Entreprise elementor-col-50\">\n\t\t\t\t\t\t\t\t\t\t\t\t<label for=\"form-field-Entreprise\" class=\"elementor-field-label elementor-screen-only\">\n\t\t\t\t\t\t\t\tEntreprise\t\t\t\t\t\t\t<\/label>\n\t\t\t\t\t\t\t\t<div class=\"elementor-field elementor-select-wrapper remove-before \">\n\t\t\t<div class=\"select-caret-down-wrapper\">\n\t\t\t\t<i aria-hidden=\"true\" class=\"eicon-caret-down\"><\/i>\t\t\t<\/div>\n\t\t\t<select name=\"form_fields[Entreprise]\" id=\"form-field-Entreprise\" class=\"elementor-field-textual elementor-size-sm\">\n\t\t\t\t\t\t\t\t\t<option value=\"-\">-<\/option>\n\t\t\t\t\t\t\t\t\t<option value=\"comptabilite_entreprise\">Comptabilit\u00e9<\/option>\n\t\t\t\t\t\t\t\t\t<option value=\"fiscalite_entreprise\">Fiscalit\u00e9<\/option>\n\t\t\t\t\t\t\t\t\t<option value=\"juridique_entreprise\">Juridique<\/option>\n\t\t\t\t\t\t\t\t\t<option value=\"conseil_entreprise\">Conseil<\/option>\n\t\t\t\t\t\t\t\t\t<option value=\"tva_entreprise\">TVA<\/option>\n\t\t\t\t\t\t\t<\/select>\n\t\t<\/div>\n\t\t\t\t\t\t<\/div>\n\t\t\t\t\t\t\t\t<div class=\"elementor-field-type-html elementor-field-group elementor-column elementor-field-group-field_936bf12 elementor-col-80\">\n\t\t\t\t\t Avez-vous une plage horaire de pr\u00e9f\u00e9rence pour \u00eatre rappel\u00e9 ?\t\t\t\t<\/div>\n\t\t\t\t\t\t\t\t<div class=\"elementor-field-type-text elementor-field-group elementor-column elementor-field-group-horaire elementor-col-100 elementor-field-required\">\n\t\t\t\t\t\t\t\t\t\t\t\t<label for=\"form-field-horaire\" class=\"elementor-field-label elementor-screen-only\">\n\t\t\t\t\t\t\t\tHoraire\t\t\t\t\t\t\t<\/label>\n\t\t\t\t\t\t\t\t\t\t\t\t\t\t<input size=\"1\" type=\"text\" name=\"form_fields[horaire]\" id=\"form-field-horaire\" class=\"elementor-field elementor-size-sm  elementor-field-textual\" placeholder=\"ex. 12:30 - 13:30\" required=\"required\">\n\t\t\t\t\t\t\t\t\t\t\t<\/div>\n\t\t\t\t\t\t\t\t<div class=\"elementor-field-group elementor-column elementor-field-type-submit elementor-col-100 e-form__buttons\">\n\t\t\t\t\t<button class=\"elementor-button elementor-size-xs\" type=\"submit\">\n\t\t\t\t\t\t<span class=\"elementor-button-content-wrapper\">\n\t\t\t\t\t\t\t\t\t\t\t\t\t\t\t\t\t\t\t\t\t\t<span class=\"elementor-button-text\">Soumettre<\/span>\n\t\t\t\t\t\t\t\t\t\t\t\t\t<\/span>\n\t\t\t\t\t<\/button>\n\t\t\t\t<\/div>\n\t\t\t<\/div>\n\t\t<\/form>\n\t\t\t\t\t\t<\/div>\n\t\t\t\t<\/div>\n\t\t\t\t<div class=\"elementor-element elementor-element-d07453f elementor-hidden-desktop elementor-hidden-tablet elementor-button-align-stretch elementor-widget elementor-widget-form\" data-id=\"d07453f\" data-element_type=\"widget\" data-e-type=\"widget\" data-settings=\"{&quot;step_next_label&quot;:&quot;Next&quot;,&quot;step_previous_label&quot;:&quot;Previous&quot;,&quot;step_type&quot;:&quot;icon&quot;,&quot;step_icon_shape&quot;:&quot;none&quot;,&quot;button_width&quot;:&quot;100&quot;}\" data-widget_type=\"form.default\">\n\t\t\t\t<div class=\"elementor-widget-container\">\n\t\t\t\t\t\t\t<form class=\"elementor-form\" method=\"post\" >\n\t\t\t<input type=\"hidden\" name=\"post_id\" value=\"66495\"\/>\n\t\t\t<input type=\"hidden\" name=\"form_id\" value=\"d07453f\"\/>\n\t\t\t<input type=\"hidden\" name=\"referer_title\" value=\"Prise de Rendez-vous - Fidu360\" \/>\n\n\t\t\t\t\t\t\t<input type=\"hidden\" name=\"queried_id\" value=\"66495\"\/>\n\t\t\t\n\t\t\t<div class=\"elementor-form-fields-wrapper elementor-labels-\">\n\t\t\t\t\t\t\t\t<div class=\"elementor-field-type-text elementor-field-group elementor-column elementor-field-group-nom elementor-col-50 elementor-field-required\">\n\t\t\t\t\t\t\t\t\t\t\t\t<label for=\"form-field-nom\" class=\"elementor-field-label elementor-screen-only\">\n\t\t\t\t\t\t\t\tNom\t\t\t\t\t\t\t<\/label>\n\t\t\t\t\t\t\t\t\t\t\t\t\t\t<input size=\"1\" type=\"text\" name=\"form_fields[nom]\" id=\"form-field-nom\" class=\"elementor-field elementor-size-sm  elementor-field-textual\" placeholder=\"Nom\" required=\"required\">\n\t\t\t\t\t\t\t\t\t\t\t<\/div>\n\t\t\t\t\t\t\t\t<div class=\"elementor-field-type-text elementor-field-group elementor-column elementor-field-group-prenom elementor-col-50 elementor-field-required\">\n\t\t\t\t\t\t\t\t\t\t\t\t<label for=\"form-field-prenom\" class=\"elementor-field-label elementor-screen-only\">\n\t\t\t\t\t\t\t\tPr\u00e9nom\t\t\t\t\t\t\t<\/label>\n\t\t\t\t\t\t\t\t\t\t\t\t\t\t<input size=\"1\" type=\"text\" name=\"form_fields[prenom]\" id=\"form-field-prenom\" class=\"elementor-field elementor-size-sm  elementor-field-textual\" placeholder=\"Pr\u00e9nom\" required=\"required\">\n\t\t\t\t\t\t\t\t\t\t\t<\/div>\n\t\t\t\t\t\t\t\t<div class=\"elementor-field-type-email elementor-field-group elementor-column elementor-field-group-email elementor-col-50 elementor-field-required\">\n\t\t\t\t\t\t\t\t\t\t\t\t<label for=\"form-field-email\" class=\"elementor-field-label elementor-screen-only\">\n\t\t\t\t\t\t\t\tEmail\t\t\t\t\t\t\t<\/label>\n\t\t\t\t\t\t\t\t\t\t\t\t\t\t<input size=\"1\" type=\"email\" name=\"form_fields[email]\" id=\"form-field-email\" class=\"elementor-field elementor-size-sm  elementor-field-textual\" placeholder=\"Email\" required=\"required\">\n\t\t\t\t\t\t\t\t\t\t\t<\/div>\n\t\t\t\t\t\t\t\t<div class=\"elementor-field-type-tel elementor-field-group elementor-column elementor-field-group-telephone elementor-col-50\">\n\t\t\t\t\t\t\t\t\t\t\t\t<label for=\"form-field-telephone\" class=\"elementor-field-label elementor-screen-only\">\n\t\t\t\t\t\t\t\tT\u00e9l\u00e9phone\t\t\t\t\t\t\t<\/label>\n\t\t\t\t\t\t\t\t<input size=\"1\" type=\"tel\" name=\"form_fields[telephone]\" id=\"form-field-telephone\" class=\"elementor-field elementor-size-sm  elementor-field-textual\" placeholder=\"T\u00e9l\u00e9phone\" pattern=\"[0-9()#&amp;+*-=.]+\" title=\"Only numbers and phone characters (#, -, *, etc) are accepted.\">\n\n\t\t\t\t\t\t<\/div>\n\t\t\t\t\t\t\t\t<div class=\"elementor-field-type-html elementor-field-group elementor-column elementor-field-group-field_509abf4 elementor-col-100\">\n\t\t\t\t\tDe quel type de services avez-vous besoin?\t\t\t\t<\/div>\n\t\t\t\t\t\t\t\t<div class=\"elementor-field-type-html elementor-field-group elementor-column elementor-field-group-field_b3587da elementor-col-50\">\n\t\t\t\t\tParticulier\t\t\t\t<\/div>\n\t\t\t\t\t\t\t\t<div class=\"elementor-field-type-select elementor-field-group elementor-column elementor-field-group-Particulier elementor-col-50\">\n\t\t\t\t\t\t\t\t\t\t\t\t<label for=\"form-field-Particulier\" class=\"elementor-field-label elementor-screen-only\">\n\t\t\t\t\t\t\t\tParticulier\t\t\t\t\t\t\t<\/label>\n\t\t\t\t\t\t\t\t<div class=\"elementor-field elementor-select-wrapper remove-before \">\n\t\t\t<div class=\"select-caret-down-wrapper\">\n\t\t\t\t<i aria-hidden=\"true\" class=\"eicon-caret-down\"><\/i>\t\t\t<\/div>\n\t\t\t<select name=\"form_fields[Particulier]\" id=\"form-field-Particulier\" class=\"elementor-field-textual elementor-size-sm\">\n\t\t\t\t\t\t\t\t\t<option value=\"impots_particulier\">Imp\u00f4ts<\/option>\n\t\t\t\t\t\t\t\t\t<option value=\"fiscalite_particulier\">Fiscalit\u00e9<\/option>\n\t\t\t\t\t\t\t\t\t<option value=\"prevoyance_particulier\">Pr\u00e9voyance<\/option>\n\t\t\t\t\t\t\t\t\t<option value=\"juridique_particulier\">Juridique<\/option>\n\t\t\t\t\t\t\t\t\t<option value=\"soutien_administratif\">Soutien administratif<\/option>\n\t\t\t\t\t\t\t<\/select>\n\t\t<\/div>\n\t\t\t\t\t\t<\/div>\n\t\t\t\t\t\t\t\t<div class=\"elementor-field-type-html elementor-field-group elementor-column elementor-field-group-field_221bf2d elementor-col-50\">\n\t\t\t\t\tEntreprise\t\t\t\t<\/div>\n\t\t\t\t\t\t\t\t<div class=\"elementor-field-type-select elementor-field-group elementor-column elementor-field-group-Entreprise elementor-col-50\">\n\t\t\t\t\t\t\t\t\t\t\t\t<label for=\"form-field-Entreprise\" class=\"elementor-field-label elementor-screen-only\">\n\t\t\t\t\t\t\t\tEntreprise\t\t\t\t\t\t\t<\/label>\n\t\t\t\t\t\t\t\t<div class=\"elementor-field elementor-select-wrapper remove-before \">\n\t\t\t<div class=\"select-caret-down-wrapper\">\n\t\t\t\t<i aria-hidden=\"true\" class=\"eicon-caret-down\"><\/i>\t\t\t<\/div>\n\t\t\t<select name=\"form_fields[Entreprise]\" id=\"form-field-Entreprise\" class=\"elementor-field-textual elementor-size-sm\">\n\t\t\t\t\t\t\t\t\t<option value=\"comptabilite_entreprise\">Comptabilit\u00e9<\/option>\n\t\t\t\t\t\t\t\t\t<option value=\"fiscalite_entreprise\">Fiscalit\u00e9<\/option>\n\t\t\t\t\t\t\t\t\t<option value=\"juridique_entreprise\">Juridique<\/option>\n\t\t\t\t\t\t\t\t\t<option value=\"conseil_entreprise\">Conseil<\/option>\n\t\t\t\t\t\t\t\t\t<option value=\"tva_entreprise\">TVA<\/option>\n\t\t\t\t\t\t\t<\/select>\n\t\t<\/div>\n\t\t\t\t\t\t<\/div>\n\t\t\t\t\t\t\t\t<div class=\"elementor-field-type-html elementor-field-group elementor-column elementor-field-group-field_936bf12 elementor-col-80\">\n\t\t\t\t\t Avez-vous une plage horaire de pr\u00e9f\u00e9rence pour \u00eatre rappel\u00e9 ?\t\t\t\t<\/div>\n\t\t\t\t\t\t\t\t<div class=\"elementor-field-type-text elementor-field-group elementor-column elementor-field-group-horaire elementor-col-100 elementor-field-required\">\n\t\t\t\t\t\t\t\t\t\t\t\t<label for=\"form-field-horaire\" class=\"elementor-field-label elementor-screen-only\">\n\t\t\t\t\t\t\t\tHoraire\t\t\t\t\t\t\t<\/label>\n\t\t\t\t\t\t\t\t\t\t\t\t\t\t<input size=\"1\" type=\"text\" name=\"form_fields[horaire]\" id=\"form-field-horaire\" class=\"elementor-field elementor-size-sm  elementor-field-textual\" placeholder=\"ex. 12:30 - 13:30\" required=\"required\">\n\t\t\t\t\t\t\t\t\t\t\t<\/div>\n\t\t\t\t\t\t\t\t<div class=\"elementor-field-type-recaptcha elementor-field-group elementor-column elementor-field-group-field_95fcf25 elementor-col-100\">\n\t\t\t\t\t<div class=\"elementor-field\" id=\"form-field-field_95fcf25\"><div class=\"elementor-g-recaptcha\" data-sitekey=\"6LeUQFwpAAAAANEzSqvtOAHqJdq3YeGY16uLNBrv\" data-type=\"v2_checkbox\" data-theme=\"light\" data-size=\"normal\"><\/div><\/div>\t\t\t\t<\/div>\n\t\t\t\t\t\t\t\t<div class=\"elementor-field-group elementor-column elementor-field-type-submit elementor-col-100 e-form__buttons\">\n\t\t\t\t\t<button class=\"elementor-button elementor-size-xs\" type=\"submit\">\n\t\t\t\t\t\t<span class=\"elementor-button-content-wrapper\">\n\t\t\t\t\t\t\t\t\t\t\t\t\t\t\t\t\t\t\t\t\t\t<span class=\"elementor-button-text\">Soumettre<\/span>\n\t\t\t\t\t\t\t\t\t\t\t\t\t<\/span>\n\t\t\t\t\t<\/button>\n\t\t\t\t<\/div>\n\t\t\t<\/div>\n\t\t<\/form>\n\t\t\t\t\t\t<\/div>\n\t\t\t\t<\/div>\n\t\t\t\t<\/div>\n\t\t<div class=\"elementor-element elementor-element-8ba4a62 e-con-full e-flex e-con e-child\" data-id=\"8ba4a62\" data-element_type=\"container\" data-e-type=\"container\">\n\t\t\t\t<\/div>\n\t\t\t\t<\/div>\n\t\t\t\t<\/div>\n\t\t\t\t\t<\/div>\n\t\t\t\t<\/div>\n\t\t\t\t<\/div>\n\t\t","protected":false},"excerpt":{"rendered":"<p>Prise de Rendez-vous<\/p>\n","protected":false},"author":17,"featured_media":0,"parent":0,"menu_order":0,"comment_status":"closed","ping_status":"closed","template":"elementor_header_footer","meta":{"footnotes":""},"class_list":["post-66495","page","type-page","status-publish","hentry"],"yoast_head":"<!-- This site is optimized with the Yoast SEO plugin v27.3 - https:\/\/yoast.com\/product\/yoast-seo-wordpress\/ -->\n<title>Prise de Rendez-vous - Fidu360<\/title>\n<meta name=\"robots\" content=\"index, follow, max-snippet:-1, max-image-preview:large, max-video-preview:-1\" \/>\n<link rel=\"canonical\" href=\"https:\/\/fidu360.ch\/fr\/prise-de-rendez-vous\/\" \/>\n<meta property=\"og:locale\" content=\"fr_FR\" \/>\n<meta property=\"og:type\" content=\"article\" \/>\n<meta property=\"og:title\" content=\"Prise de Rendez-vous - Fidu360\" \/>\n<meta property=\"og:description\" content=\"Prise de Rendez-vous\" \/>\n<meta property=\"og:url\" content=\"https:\/\/fidu360.ch\/fr\/prise-de-rendez-vous\/\" \/>\n<meta property=\"og:site_name\" content=\"Fidu360\" \/>\n<meta property=\"article:modified_time\" content=\"2026-03-05T17:30:17+00:00\" \/>\n<meta name=\"twitter:card\" content=\"summary_large_image\" \/>\n<meta name=\"twitter:label1\" content=\"Dur\u00e9e de lecture estim\u00e9e\" \/>\n\t<meta name=\"twitter:data1\" content=\"1 minute\" \/>\n<script type=\"application\/ld+json\" class=\"yoast-schema-graph\">{\"@context\":\"https:\\\/\\\/schema.org\",\"@graph\":[{\"@type\":\"WebPage\",\"@id\":\"https:\\\/\\\/fidu360.ch\\\/en\\\/prise-de-rendez-vous\\\/\",\"url\":\"https:\\\/\\\/fidu360.ch\\\/en\\\/prise-de-rendez-vous\\\/\",\"name\":\"Prise de Rendez-vous - Fidu360\",\"isPartOf\":{\"@id\":\"https:\\\/\\\/fidu360.ch\\\/fr\\\/#website\"},\"datePublished\":\"2024-12-10T22:25:35+00:00\",\"dateModified\":\"2026-03-05T17:30:17+00:00\",\"breadcrumb\":{\"@id\":\"https:\\\/\\\/fidu360.ch\\\/en\\\/prise-de-rendez-vous\\\/#breadcrumb\"},\"inLanguage\":\"fr-FR\",\"potentialAction\":[{\"@type\":\"ReadAction\",\"target\":[\"https:\\\/\\\/fidu360.ch\\\/en\\\/prise-de-rendez-vous\\\/\"]}]},{\"@type\":\"BreadcrumbList\",\"@id\":\"https:\\\/\\\/fidu360.ch\\\/en\\\/prise-de-rendez-vous\\\/#breadcrumb\",\"itemListElement\":[{\"@type\":\"ListItem\",\"position\":1,\"name\":\"Home\",\"item\":\"https:\\\/\\\/fidu360.ch\\\/pt\\\/\"},{\"@type\":\"ListItem\",\"position\":2,\"name\":\"Prise de Rendez-vous\"}]},{\"@type\":\"WebSite\",\"@id\":\"https:\\\/\\\/fidu360.ch\\\/fr\\\/#website\",\"url\":\"https:\\\/\\\/fidu360.ch\\\/fr\\\/\",\"name\":\"Fidu360\",\"description\":\"\",\"publisher\":{\"@id\":\"https:\\\/\\\/fidu360.ch\\\/fr\\\/#organization\"},\"potentialAction\":[{\"@type\":\"SearchAction\",\"target\":{\"@type\":\"EntryPoint\",\"urlTemplate\":\"https:\\\/\\\/fidu360.ch\\\/fr\\\/?s={search_term_string}\"},\"query-input\":{\"@type\":\"PropertyValueSpecification\",\"valueRequired\":true,\"valueName\":\"search_term_string\"}}],\"inLanguage\":\"fr-FR\"},{\"@type\":\"Organization\",\"@id\":\"https:\\\/\\\/fidu360.ch\\\/fr\\\/#organization\",\"name\":\"Fidu360\",\"url\":\"https:\\\/\\\/fidu360.ch\\\/fr\\\/\",\"logo\":{\"@type\":\"ImageObject\",\"inLanguage\":\"fr-FR\",\"@id\":\"https:\\\/\\\/fidu360.ch\\\/fr\\\/#\\\/schema\\\/logo\\\/image\\\/\",\"url\":\"https:\\\/\\\/fidu360.ch\\\/wp-content\\\/uploads\\\/2023\\\/09\\\/cropped-THP-LOGO-e1695636996674-1.png\",\"contentUrl\":\"https:\\\/\\\/fidu360.ch\\\/wp-content\\\/uploads\\\/2023\\\/09\\\/cropped-THP-LOGO-e1695636996674-1.png\",\"width\":2603,\"height\":2500,\"caption\":\"Fidu360\"},\"image\":{\"@id\":\"https:\\\/\\\/fidu360.ch\\\/fr\\\/#\\\/schema\\\/logo\\\/image\\\/\"}}]}<\/script>\n<!-- \/ Yoast SEO plugin. -->","yoast_head_json":{"title":"Prise de Rendez-vous - Fidu360","robots":{"index":"index","follow":"follow","max-snippet":"max-snippet:-1","max-image-preview":"max-image-preview:large","max-video-preview":"max-video-preview:-1"},"canonical":"https:\/\/fidu360.ch\/fr\/prise-de-rendez-vous\/","og_locale":"fr_FR","og_type":"article","og_title":"Prise de Rendez-vous - Fidu360","og_description":"Prise de Rendez-vous","og_url":"https:\/\/fidu360.ch\/fr\/prise-de-rendez-vous\/","og_site_name":"Fidu360","article_modified_time":"2026-03-05T17:30:17+00:00","twitter_card":"summary_large_image","twitter_misc":{"Dur\u00e9e de lecture estim\u00e9e":"1 minute"},"schema":{"@context":"https:\/\/schema.org","@graph":[{"@type":"WebPage","@id":"https:\/\/fidu360.ch\/en\/prise-de-rendez-vous\/","url":"https:\/\/fidu360.ch\/en\/prise-de-rendez-vous\/","name":"Prise de Rendez-vous - Fidu360","isPartOf":{"@id":"https:\/\/fidu360.ch\/fr\/#website"},"datePublished":"2024-12-10T22:25:35+00:00","dateModified":"2026-03-05T17:30:17+00:00","breadcrumb":{"@id":"https:\/\/fidu360.ch\/en\/prise-de-rendez-vous\/#breadcrumb"},"inLanguage":"fr-FR","potentialAction":[{"@type":"ReadAction","target":["https:\/\/fidu360.ch\/en\/prise-de-rendez-vous\/"]}]},{"@type":"BreadcrumbList","@id":"https:\/\/fidu360.ch\/en\/prise-de-rendez-vous\/#breadcrumb","itemListElement":[{"@type":"ListItem","position":1,"name":"Home","item":"https:\/\/fidu360.ch\/pt\/"},{"@type":"ListItem","position":2,"name":"Prise de Rendez-vous"}]},{"@type":"WebSite","@id":"https:\/\/fidu360.ch\/fr\/#website","url":"https:\/\/fidu360.ch\/fr\/","name":"Fidu360","description":"","publisher":{"@id":"https:\/\/fidu360.ch\/fr\/#organization"},"potentialAction":[{"@type":"SearchAction","target":{"@type":"EntryPoint","urlTemplate":"https:\/\/fidu360.ch\/fr\/?s={search_term_string}"},"query-input":{"@type":"PropertyValueSpecification","valueRequired":true,"valueName":"search_term_string"}}],"inLanguage":"fr-FR"},{"@type":"Organization","@id":"https:\/\/fidu360.ch\/fr\/#organization","name":"Fidu360","url":"https:\/\/fidu360.ch\/fr\/","logo":{"@type":"ImageObject","inLanguage":"fr-FR","@id":"https:\/\/fidu360.ch\/fr\/#\/schema\/logo\/image\/","url":"https:\/\/fidu360.ch\/wp-content\/uploads\/2023\/09\/cropped-THP-LOGO-e1695636996674-1.png","contentUrl":"https:\/\/fidu360.ch\/wp-content\/uploads\/2023\/09\/cropped-THP-LOGO-e1695636996674-1.png","width":2603,"height":2500,"caption":"Fidu360"},"image":{"@id":"https:\/\/fidu360.ch\/fr\/#\/schema\/logo\/image\/"}}]}},"_links":{"self":[{"href":"https:\/\/fidu360.ch\/fr\/wp-json\/wp\/v2\/pages\/66495","targetHints":{"allow":["GET"]}}],"collection":[{"href":"https:\/\/fidu360.ch\/fr\/wp-json\/wp\/v2\/pages"}],"about":[{"href":"https:\/\/fidu360.ch\/fr\/wp-json\/wp\/v2\/types\/page"}],"author":[{"embeddable":true,"href":"https:\/\/fidu360.ch\/fr\/wp-json\/wp\/v2\/users\/17"}],"replies":[{"embeddable":true,"href":"https:\/\/fidu360.ch\/fr\/wp-json\/wp\/v2\/comments?post=66495"}],"version-history":[{"count":9,"href":"https:\/\/fidu360.ch\/fr\/wp-json\/wp\/v2\/pages\/66495\/revisions"}],"predecessor-version":[{"id":67150,"href":"https:\/\/fidu360.ch\/fr\/wp-json\/wp\/v2\/pages\/66495\/revisions\/67150"}],"wp:attachment":[{"href":"https:\/\/fidu360.ch\/fr\/wp-json\/wp\/v2\/media?parent=66495"}],"curies":[{"name":"wp","href":"https:\/\/api.w.org\/{rel}","templated":true}]}}