{"id":3339,"date":"2018-05-24T18:54:46","date_gmt":"2018-05-24T18:54:46","guid":{"rendered":"https:\/\/thpinvestservices.com\/?page_id=3339"},"modified":"2020-06-30T19:16:48","modified_gmt":"2020-06-30T19:16:48","slug":"demande-de-fichier-de-donnees","status":"publish","type":"page","link":"https:\/\/fidu360.ch\/fr\/demande-de-fichier-de-donnees\/","title":{"rendered":"Demande de fichier de donn\u00e9es"},"content":{"rendered":"<a class=\"wordpress-gdpr-back-link\" href=\"https:\/\/fidu360.ch\/fr\/centre-de-confidentialite\/\">&larr; Retourner au Centre de confidentialit\u00e9<\/a><form action=\"\/fr\/wp-json\/wp\/v2\/pages\/3339\" class=\"wordpress-gdpr-form wordpress-gdpr-form-request-data\" method=\"post\"><input type=\"hidden\" name=\"wordpress_gdpr_form_type\" value=\"request-data\"><div class=\"form-group\"><label for=\"gdpr_firstname\">Votre pr\u00e9nom<\/label><input class=\"form-control\" type=\"text\" name=\"gdpr_firstname\" value=\"\" required \/><\/div><div class=\"form-group\"><label for=\"gdpr_lastname\">Votre nom de famille (*)<\/label><input class=\"form-control\" type=\"text\" name=\"gdpr_lastname\" value=\"\" required \/><\/div><div class=\"form-group\"><label for=\"gdpr_email\">Votre Email<\/label><input class=\"form-control\" type=\"email\" name=\"gdpr_email\" value=\"\" required \/><\/div><div class=\"form-group\"><label for=\"gdpr_terms\"><input class=\"form-control\" type=\"checkbox\" name=\"gdpr_terms\" value=\"1\" required \/>J'accepte la politique de confidentialit\u00e9 et que mes donn\u00e9es seront stock\u00e9es pour cette demande GDPR.<\/label><\/div><input type=\"submit\" name=\"gdpr_submitted\" value=\"Valider\"\/><\/form>\n","protected":false},"excerpt":{"rendered":"","protected":false},"author":17,"featured_media":0,"parent":0,"menu_order":0,"comment_status":"closed","ping_status":"closed","template":"","meta":{"footnotes":""},"class_list":["post-3339","page","type-page","status-publish","hentry"],"yoast_head":"<!-- This site is optimized with the Yoast SEO plugin v27.3 - https:\/\/yoast.com\/product\/yoast-seo-wordpress\/ -->\n<title>Demande de fichier de donn\u00e9es - Fidu360<\/title>\n<meta name=\"robots\" content=\"index, follow, max-snippet:-1, max-image-preview:large, max-video-preview:-1\" \/>\n<link rel=\"canonical\" href=\"https:\/\/fidu360.ch\/fr\/demande-de-fichier-de-donnees\/\" \/>\n<meta property=\"og:locale\" content=\"fr_FR\" \/>\n<meta property=\"og:type\" content=\"article\" \/>\n<meta property=\"og:title\" content=\"Demande de fichier de donn\u00e9es - Fidu360\" \/>\n<meta property=\"og:url\" content=\"https:\/\/fidu360.ch\/fr\/demande-de-fichier-de-donnees\/\" \/>\n<meta property=\"og:site_name\" content=\"Fidu360\" \/>\n<meta property=\"article:modified_time\" content=\"2020-06-30T19:16:48+00:00\" \/>\n<meta name=\"twitter:card\" content=\"summary_large_image\" \/>\n<script type=\"application\/ld+json\" class=\"yoast-schema-graph\">{\"@context\":\"https:\\\/\\\/schema.org\",\"@graph\":[{\"@type\":\"WebPage\",\"@id\":\"https:\\\/\\\/fidu360.ch\\\/fr\\\/demande-de-fichier-de-donnees\\\/\",\"url\":\"https:\\\/\\\/fidu360.ch\\\/fr\\\/demande-de-fichier-de-donnees\\\/\",\"name\":\"Demande de fichier de donn\u00e9es - Fidu360\",\"isPartOf\":{\"@id\":\"https:\\\/\\\/fidu360.ch\\\/fr\\\/#website\"},\"datePublished\":\"2018-05-24T18:54:46+00:00\",\"dateModified\":\"2020-06-30T19:16:48+00:00\",\"breadcrumb\":{\"@id\":\"https:\\\/\\\/fidu360.ch\\\/fr\\\/demande-de-fichier-de-donnees\\\/#breadcrumb\"},\"inLanguage\":\"fr-FR\",\"potentialAction\":[{\"@type\":\"ReadAction\",\"target\":[\"https:\\\/\\\/fidu360.ch\\\/fr\\\/demande-de-fichier-de-donnees\\\/\"]}]},{\"@type\":\"BreadcrumbList\",\"@id\":\"https:\\\/\\\/fidu360.ch\\\/fr\\\/demande-de-fichier-de-donnees\\\/#breadcrumb\",\"itemListElement\":[{\"@type\":\"ListItem\",\"position\":1,\"name\":\"Home\",\"item\":\"https:\\\/\\\/fidu360.ch\\\/pt\\\/\"},{\"@type\":\"ListItem\",\"position\":2,\"name\":\"Demande de fichier de donn\u00e9es\"}]},{\"@type\":\"WebSite\",\"@id\":\"https:\\\/\\\/fidu360.ch\\\/fr\\\/#website\",\"url\":\"https:\\\/\\\/fidu360.ch\\\/fr\\\/\",\"name\":\"Fidu360\",\"description\":\"\",\"publisher\":{\"@id\":\"https:\\\/\\\/fidu360.ch\\\/fr\\\/#organization\"},\"potentialAction\":[{\"@type\":\"SearchAction\",\"target\":{\"@type\":\"EntryPoint\",\"urlTemplate\":\"https:\\\/\\\/fidu360.ch\\\/fr\\\/?s={search_term_string}\"},\"query-input\":{\"@type\":\"PropertyValueSpecification\",\"valueRequired\":true,\"valueName\":\"search_term_string\"}}],\"inLanguage\":\"fr-FR\"},{\"@type\":\"Organization\",\"@id\":\"https:\\\/\\\/fidu360.ch\\\/fr\\\/#organization\",\"name\":\"Fidu360\",\"url\":\"https:\\\/\\\/fidu360.ch\\\/fr\\\/\",\"logo\":{\"@type\":\"ImageObject\",\"inLanguage\":\"fr-FR\",\"@id\":\"https:\\\/\\\/fidu360.ch\\\/fr\\\/#\\\/schema\\\/logo\\\/image\\\/\",\"url\":\"https:\\\/\\\/fidu360.ch\\\/wp-content\\\/uploads\\\/2023\\\/09\\\/cropped-THP-LOGO-e1695636996674-1.png\",\"contentUrl\":\"https:\\\/\\\/fidu360.ch\\\/wp-content\\\/uploads\\\/2023\\\/09\\\/cropped-THP-LOGO-e1695636996674-1.png\",\"width\":2603,\"height\":2500,\"caption\":\"Fidu360\"},\"image\":{\"@id\":\"https:\\\/\\\/fidu360.ch\\\/fr\\\/#\\\/schema\\\/logo\\\/image\\\/\"}}]}<\/script>\n<!-- \/ Yoast SEO plugin. -->","yoast_head_json":{"title":"Demande de fichier de donn\u00e9es - Fidu360","robots":{"index":"index","follow":"follow","max-snippet":"max-snippet:-1","max-image-preview":"max-image-preview:large","max-video-preview":"max-video-preview:-1"},"canonical":"https:\/\/fidu360.ch\/fr\/demande-de-fichier-de-donnees\/","og_locale":"fr_FR","og_type":"article","og_title":"Demande de fichier de donn\u00e9es - Fidu360","og_url":"https:\/\/fidu360.ch\/fr\/demande-de-fichier-de-donnees\/","og_site_name":"Fidu360","article_modified_time":"2020-06-30T19:16:48+00:00","twitter_card":"summary_large_image","schema":{"@context":"https:\/\/schema.org","@graph":[{"@type":"WebPage","@id":"https:\/\/fidu360.ch\/fr\/demande-de-fichier-de-donnees\/","url":"https:\/\/fidu360.ch\/fr\/demande-de-fichier-de-donnees\/","name":"Demande de fichier de donn\u00e9es - Fidu360","isPartOf":{"@id":"https:\/\/fidu360.ch\/fr\/#website"},"datePublished":"2018-05-24T18:54:46+00:00","dateModified":"2020-06-30T19:16:48+00:00","breadcrumb":{"@id":"https:\/\/fidu360.ch\/fr\/demande-de-fichier-de-donnees\/#breadcrumb"},"inLanguage":"fr-FR","potentialAction":[{"@type":"ReadAction","target":["https:\/\/fidu360.ch\/fr\/demande-de-fichier-de-donnees\/"]}]},{"@type":"BreadcrumbList","@id":"https:\/\/fidu360.ch\/fr\/demande-de-fichier-de-donnees\/#breadcrumb","itemListElement":[{"@type":"ListItem","position":1,"name":"Home","item":"https:\/\/fidu360.ch\/pt\/"},{"@type":"ListItem","position":2,"name":"Demande de fichier de donn\u00e9es"}]},{"@type":"WebSite","@id":"https:\/\/fidu360.ch\/fr\/#website","url":"https:\/\/fidu360.ch\/fr\/","name":"Fidu360","description":"","publisher":{"@id":"https:\/\/fidu360.ch\/fr\/#organization"},"potentialAction":[{"@type":"SearchAction","target":{"@type":"EntryPoint","urlTemplate":"https:\/\/fidu360.ch\/fr\/?s={search_term_string}"},"query-input":{"@type":"PropertyValueSpecification","valueRequired":true,"valueName":"search_term_string"}}],"inLanguage":"fr-FR"},{"@type":"Organization","@id":"https:\/\/fidu360.ch\/fr\/#organization","name":"Fidu360","url":"https:\/\/fidu360.ch\/fr\/","logo":{"@type":"ImageObject","inLanguage":"fr-FR","@id":"https:\/\/fidu360.ch\/fr\/#\/schema\/logo\/image\/","url":"https:\/\/fidu360.ch\/wp-content\/uploads\/2023\/09\/cropped-THP-LOGO-e1695636996674-1.png","contentUrl":"https:\/\/fidu360.ch\/wp-content\/uploads\/2023\/09\/cropped-THP-LOGO-e1695636996674-1.png","width":2603,"height":2500,"caption":"Fidu360"},"image":{"@id":"https:\/\/fidu360.ch\/fr\/#\/schema\/logo\/image\/"}}]}},"_links":{"self":[{"href":"https:\/\/fidu360.ch\/fr\/wp-json\/wp\/v2\/pages\/3339","targetHints":{"allow":["GET"]}}],"collection":[{"href":"https:\/\/fidu360.ch\/fr\/wp-json\/wp\/v2\/pages"}],"about":[{"href":"https:\/\/fidu360.ch\/fr\/wp-json\/wp\/v2\/types\/page"}],"author":[{"embeddable":true,"href":"https:\/\/fidu360.ch\/fr\/wp-json\/wp\/v2\/users\/17"}],"replies":[{"embeddable":true,"href":"https:\/\/fidu360.ch\/fr\/wp-json\/wp\/v2\/comments?post=3339"}],"version-history":[{"count":0,"href":"https:\/\/fidu360.ch\/fr\/wp-json\/wp\/v2\/pages\/3339\/revisions"}],"wp:attachment":[{"href":"https:\/\/fidu360.ch\/fr\/wp-json\/wp\/v2\/media?parent=3339"}],"curies":[{"name":"wp","href":"https:\/\/api.w.org\/{rel}","templated":true}]}}