{"id":3327,"date":"2018-05-24T16:09:54","date_gmt":"2018-05-24T16:09:54","guid":{"rendered":"https:\/\/thpinvestservices.com\/?page_id=3327"},"modified":"2020-06-30T19:16:48","modified_gmt":"2020-06-30T19:16:48","slug":"cookies-et-autres-technologies","status":"publish","type":"page","link":"https:\/\/fidu360.ch\/fr\/cookies-et-autres-technologies\/","title":{"rendered":"COOKIES ET AUTRES TECHNOLOGIES"},"content":{"rendered":"<p>Les sites Web de la soci\u00e9t\u00e9, les services en ligne, les applications interactives, les messages \u00e9lectroniques et les publicit\u00e9s peuvent utiliser des \u00abcookies\u00bb et d&#8217;autres technologies telles que les pixels invisibles et les pixels invisibles. Ces technologies nous aident \u00e0 mieux comprendre le comportement des utilisateurs, nous indiquent les parties de nos sites Web visit\u00e9es, facilitent et mesurent l&#8217;efficacit\u00e9 des publicit\u00e9s et des recherches sur le Web. Nous traitons les informations collect\u00e9es par les cookies et autres technologies comme des informations non personnelles. Cependant, dans la mesure o\u00f9 les adresses IP (Internet Protocol) ou les identifiants similaires sont consid\u00e9r\u00e9s comme des informations personnelles par la loi locale, nous traitons \u00e9galement ces identifiants comme des informations personnelles. De m\u00eame, dans la mesure o\u00f9 des informations non personnelles sont combin\u00e9es avec des informations personnelles, nous traitons les informations combin\u00e9es comme des informations personnelles aux fins de cette politique de confidentialit\u00e9.<\/p>\n<p>Les publicit\u00e9s diffus\u00e9es par la plate-forme publicitaire de la soci\u00e9t\u00e9 peuvent appara\u00eetre dans Company News et dans l&#8217;App Store. Si vous ne souhaitez pas recevoir d&#8217;annonces cibl\u00e9es sur vos centres d&#8217;int\u00e9r\u00eat, vous pouvez choisir d&#8217;activer Limiter le suivi des annonces, ce qui permettra \u00e0 votre entreprise de ne plus recevoir de telles annonces, quel que soit le terminal que vous utilisez. Si vous activez Limiter le suivi des annonces sur votre appareil mobile, les applications tierces ne peuvent pas utiliser l&#8217;identifiant publicitaire, un identifiant d&#8217;appareil non personnel, pour vous proposer des annonces cibl\u00e9es. Vous pouvez toujours voir des annonces dans l&#8217;App Store ou dans News en fonction du contexte, tel que votre requ\u00eate de recherche ou la cha\u00eene que vous lisez. Dans les applications tierces, vous pouvez voir des annonces bas\u00e9es sur d&#8217;autres informations.<\/p>\n<p>La soci\u00e9t\u00e9 et nos partenaires utilisent \u00e9galement des cookies et d&#8217;autres technologies pour se souvenir de vos informations personnelles lorsque vous utilisez notre site Web, nos services en ligne et nos applications. Notre objectif dans ces cas est de rendre votre exp\u00e9rience avec la Soci\u00e9t\u00e9 plus pratique et personnelle. Par exemple, en connaissant votre pr\u00e9nom, nous vous souhaitons la bienvenue la prochaine fois que vous visitez le magasin en ligne de l&#8217;entreprise. Conna\u00eetre votre pays et votre langue &#8211; et si vous \u00eates un \u00e9ducateur, votre \u00e9cole &#8211; nous aide \u00e0 offrir une exp\u00e9rience d&#8217;achat personnalis\u00e9e et plus utile. Le fait de savoir que quelqu&#8217;un utilise votre ordinateur ou votre appareil a fait des achats pour un certain produit ou a utilis\u00e9 un service particulier nous aide \u00e0 rendre nos communications par courriel et par publicit\u00e9 plus pertinentes pour vos int\u00e9r\u00eats. Et connaissant vos informations de contact, vos identifiants mat\u00e9riels et vos informations sur votre ordinateur ou appareil, nous vous aidons \u00e0 personnaliser votre syst\u00e8me d&#8217;exploitation, \u00e0 configurer votre service iCloud et \u00e0 vous fournir un meilleur service client.<\/p>\n<p>Si vous souhaitez d\u00e9sactiver les cookies et que vous utilisez le navigateur Web Safari, acc\u00e9dez aux pr\u00e9f\u00e9rences de Safari, puis au volet Confidentialit\u00e9 pour g\u00e9rer vos pr\u00e9f\u00e9rences. Sur l&#8217;appareil mobile de votre entreprise, acc\u00e9dez \u00e0 Param\u00e8tres, Safari, faites d\u00e9filer jusqu&#8217;\u00e0 la section Confidentialit\u00e9 et s\u00e9curit\u00e9, puis appuyez sur &#8220;Bloquer les cookies&#8221; pour g\u00e9rer vos pr\u00e9f\u00e9rences. Pour les autres navigateurs, v\u00e9rifiez avec votre fournisseur pour savoir comment d\u00e9sactiver les cookies. Veuillez noter que certaines fonctionnalit\u00e9s du site Web de la Soci\u00e9t\u00e9 ne seront pas disponibles une fois que les cookies seront d\u00e9sactiv\u00e9s.<\/p>\n<p>Comme c&#8217;est le cas pour la plupart des services Internet, nous recueillons automatiquement certaines informations et les stockons dans des fichiers journaux. Ces informations incluent les adresses IP (Internet Protocol), le type et la langue du navigateur, le fournisseur de services Internet (ISP), les sites et applications de renvoi et de sortie, le syst\u00e8me d&#8217;exploitation, l&#8217;horodatage et les donn\u00e9es clickstream.<\/p>\n<p>Nous utilisons ces informations pour comprendre et analyser les tendances, administrer le site, conna\u00eetre le comportement des utilisateurs sur le site, am\u00e9liorer nos produits et services, et recueillir des informations d\u00e9mographiques sur notre base d&#8217;utilisateurs dans son ensemble. La soci\u00e9t\u00e9 peut utiliser cette information dans nos services de marketing et de publicit\u00e9.<\/p>\n<p>Dans certains de nos messages \u00e9lectroniques, nous utilisons une \u00abURL de destination\u00bb li\u00e9e au contenu sur le site Web de la soci\u00e9t\u00e9. Lorsque les clients cliquent sur l&#8217;une de ces URL, ils passent par un serveur Web distinct avant d&#8217;arriver \u00e0 la page de destination sur notre site Web. Nous suivons ces donn\u00e9es de cliquage pour nous aider \u00e0 d\u00e9terminer l&#8217;int\u00e9r\u00eat pour des sujets particuliers et mesurer l&#8217;efficacit\u00e9 de nos communications client. Si vous pr\u00e9f\u00e9rez ne pas \u00eatre suivi de cette mani\u00e8re, vous ne devez pas cliquer sur des liens textuels ou graphiques dans les messages \u00e9lectroniques.<\/p>\n<p>Les tags Pixel nous permettent d&#8217;envoyer des messages \u00e9lectroniques dans un format que les clients peuvent lire, et ils nous indiquent si le courrier a \u00e9t\u00e9 ouvert. Nous pouvons utiliser cette information pour r\u00e9duire ou \u00e9liminer les messages envoy\u00e9s aux clients.<\/p>\n","protected":false},"excerpt":{"rendered":"<p>Les sites Web de la soci\u00e9t\u00e9, les services en ligne, les applications interactives, les messages \u00e9lectroniques et les publicit\u00e9s peuvent utiliser des \u00abcookies\u00bb et d&#8217;autres technologies telles que les pixels invisibles et les pixels invisibles. Ces technologies nous aident \u00e0 mieux comprendre le comportement des utilisateurs, nous indiquent les parties de nos sites Web visit\u00e9es, [&hellip;]<\/p>\n","protected":false},"author":17,"featured_media":0,"parent":0,"menu_order":0,"comment_status":"closed","ping_status":"closed","template":"","meta":{"footnotes":""},"class_list":["post-3327","page","type-page","status-publish","hentry"],"yoast_head":"<!-- This site is optimized with the Yoast SEO plugin v27.3 - https:\/\/yoast.com\/product\/yoast-seo-wordpress\/ -->\n<title>COOKIES ET AUTRES TECHNOLOGIES - Fidu360<\/title>\n<meta name=\"robots\" content=\"index, follow, max-snippet:-1, max-image-preview:large, max-video-preview:-1\" \/>\n<link rel=\"canonical\" href=\"http:\/\/fidu360.ch\/fr\/cookies-et-autres-technologies\/\" \/>\n<meta property=\"og:locale\" content=\"fr_FR\" \/>\n<meta property=\"og:type\" content=\"article\" \/>\n<meta property=\"og:title\" content=\"COOKIES ET AUTRES TECHNOLOGIES - Fidu360\" \/>\n<meta property=\"og:description\" content=\"Les sites Web de la soci\u00e9t\u00e9, les services en ligne, les applications interactives, les messages \u00e9lectroniques et les publicit\u00e9s peuvent utiliser des \u00abcookies\u00bb et d&#8217;autres technologies telles que les pixels invisibles et les pixels invisibles. Ces technologies nous aident \u00e0 mieux comprendre le comportement des utilisateurs, nous indiquent les parties de nos sites Web visit\u00e9es, [&hellip;]\" \/>\n<meta property=\"og:url\" content=\"http:\/\/fidu360.ch\/fr\/cookies-et-autres-technologies\/\" \/>\n<meta property=\"og:site_name\" content=\"Fidu360\" \/>\n<meta property=\"article:modified_time\" content=\"2020-06-30T19:16:48+00:00\" \/>\n<meta name=\"twitter:card\" content=\"summary_large_image\" \/>\n<meta name=\"twitter:label1\" content=\"Dur\u00e9e de lecture estim\u00e9e\" \/>\n\t<meta name=\"twitter:data1\" content=\"4 minutes\" \/>\n<script type=\"application\/ld+json\" class=\"yoast-schema-graph\">{\"@context\":\"https:\\\/\\\/schema.org\",\"@graph\":[{\"@type\":\"WebPage\",\"@id\":\"http:\\\/\\\/fidu360.ch\\\/pt\\\/cookies-et-autres-technologies\\\/\",\"url\":\"http:\\\/\\\/fidu360.ch\\\/pt\\\/cookies-et-autres-technologies\\\/\",\"name\":\"COOKIES ET AUTRES TECHNOLOGIES - Fidu360\",\"isPartOf\":{\"@id\":\"http:\\\/\\\/fidu360.ch\\\/fr\\\/#website\"},\"datePublished\":\"2018-05-24T16:09:54+00:00\",\"dateModified\":\"2020-06-30T19:16:48+00:00\",\"breadcrumb\":{\"@id\":\"http:\\\/\\\/fidu360.ch\\\/pt\\\/cookies-et-autres-technologies\\\/#breadcrumb\"},\"inLanguage\":\"fr-FR\",\"potentialAction\":[{\"@type\":\"ReadAction\",\"target\":[\"http:\\\/\\\/fidu360.ch\\\/pt\\\/cookies-et-autres-technologies\\\/\"]}]},{\"@type\":\"BreadcrumbList\",\"@id\":\"http:\\\/\\\/fidu360.ch\\\/pt\\\/cookies-et-autres-technologies\\\/#breadcrumb\",\"itemListElement\":[{\"@type\":\"ListItem\",\"position\":1,\"name\":\"Home\",\"item\":\"http:\\\/\\\/fidu360.ch\\\/pt\\\/\"},{\"@type\":\"ListItem\",\"position\":2,\"name\":\"COOKIES ET AUTRES TECHNOLOGIES\"}]},{\"@type\":\"WebSite\",\"@id\":\"http:\\\/\\\/fidu360.ch\\\/fr\\\/#website\",\"url\":\"http:\\\/\\\/fidu360.ch\\\/fr\\\/\",\"name\":\"Fidu360\",\"description\":\"\",\"publisher\":{\"@id\":\"http:\\\/\\\/fidu360.ch\\\/fr\\\/#organization\"},\"potentialAction\":[{\"@type\":\"SearchAction\",\"target\":{\"@type\":\"EntryPoint\",\"urlTemplate\":\"http:\\\/\\\/fidu360.ch\\\/fr\\\/?s={search_term_string}\"},\"query-input\":{\"@type\":\"PropertyValueSpecification\",\"valueRequired\":true,\"valueName\":\"search_term_string\"}}],\"inLanguage\":\"fr-FR\"},{\"@type\":\"Organization\",\"@id\":\"http:\\\/\\\/fidu360.ch\\\/fr\\\/#organization\",\"name\":\"Fidu360\",\"url\":\"http:\\\/\\\/fidu360.ch\\\/fr\\\/\",\"logo\":{\"@type\":\"ImageObject\",\"inLanguage\":\"fr-FR\",\"@id\":\"http:\\\/\\\/fidu360.ch\\\/fr\\\/#\\\/schema\\\/logo\\\/image\\\/\",\"url\":\"https:\\\/\\\/fidu360.ch\\\/wp-content\\\/uploads\\\/2023\\\/09\\\/cropped-THP-LOGO-e1695636996674-1.png\",\"contentUrl\":\"https:\\\/\\\/fidu360.ch\\\/wp-content\\\/uploads\\\/2023\\\/09\\\/cropped-THP-LOGO-e1695636996674-1.png\",\"width\":2603,\"height\":2500,\"caption\":\"Fidu360\"},\"image\":{\"@id\":\"http:\\\/\\\/fidu360.ch\\\/fr\\\/#\\\/schema\\\/logo\\\/image\\\/\"}}]}<\/script>\n<!-- \/ Yoast SEO plugin. -->","yoast_head_json":{"title":"COOKIES ET AUTRES TECHNOLOGIES - Fidu360","robots":{"index":"index","follow":"follow","max-snippet":"max-snippet:-1","max-image-preview":"max-image-preview:large","max-video-preview":"max-video-preview:-1"},"canonical":"http:\/\/fidu360.ch\/fr\/cookies-et-autres-technologies\/","og_locale":"fr_FR","og_type":"article","og_title":"COOKIES ET AUTRES TECHNOLOGIES - Fidu360","og_description":"Les sites Web de la soci\u00e9t\u00e9, les services en ligne, les applications interactives, les messages \u00e9lectroniques et les publicit\u00e9s peuvent utiliser des \u00abcookies\u00bb et d&#8217;autres technologies telles que les pixels invisibles et les pixels invisibles. Ces technologies nous aident \u00e0 mieux comprendre le comportement des utilisateurs, nous indiquent les parties de nos sites Web visit\u00e9es, [&hellip;]","og_url":"http:\/\/fidu360.ch\/fr\/cookies-et-autres-technologies\/","og_site_name":"Fidu360","article_modified_time":"2020-06-30T19:16:48+00:00","twitter_card":"summary_large_image","twitter_misc":{"Dur\u00e9e de lecture estim\u00e9e":"4 minutes"},"schema":{"@context":"https:\/\/schema.org","@graph":[{"@type":"WebPage","@id":"http:\/\/fidu360.ch\/pt\/cookies-et-autres-technologies\/","url":"http:\/\/fidu360.ch\/pt\/cookies-et-autres-technologies\/","name":"COOKIES ET AUTRES TECHNOLOGIES - Fidu360","isPartOf":{"@id":"http:\/\/fidu360.ch\/fr\/#website"},"datePublished":"2018-05-24T16:09:54+00:00","dateModified":"2020-06-30T19:16:48+00:00","breadcrumb":{"@id":"http:\/\/fidu360.ch\/pt\/cookies-et-autres-technologies\/#breadcrumb"},"inLanguage":"fr-FR","potentialAction":[{"@type":"ReadAction","target":["http:\/\/fidu360.ch\/pt\/cookies-et-autres-technologies\/"]}]},{"@type":"BreadcrumbList","@id":"http:\/\/fidu360.ch\/pt\/cookies-et-autres-technologies\/#breadcrumb","itemListElement":[{"@type":"ListItem","position":1,"name":"Home","item":"http:\/\/fidu360.ch\/pt\/"},{"@type":"ListItem","position":2,"name":"COOKIES ET AUTRES TECHNOLOGIES"}]},{"@type":"WebSite","@id":"http:\/\/fidu360.ch\/fr\/#website","url":"http:\/\/fidu360.ch\/fr\/","name":"Fidu360","description":"","publisher":{"@id":"http:\/\/fidu360.ch\/fr\/#organization"},"potentialAction":[{"@type":"SearchAction","target":{"@type":"EntryPoint","urlTemplate":"http:\/\/fidu360.ch\/fr\/?s={search_term_string}"},"query-input":{"@type":"PropertyValueSpecification","valueRequired":true,"valueName":"search_term_string"}}],"inLanguage":"fr-FR"},{"@type":"Organization","@id":"http:\/\/fidu360.ch\/fr\/#organization","name":"Fidu360","url":"http:\/\/fidu360.ch\/fr\/","logo":{"@type":"ImageObject","inLanguage":"fr-FR","@id":"http:\/\/fidu360.ch\/fr\/#\/schema\/logo\/image\/","url":"https:\/\/fidu360.ch\/wp-content\/uploads\/2023\/09\/cropped-THP-LOGO-e1695636996674-1.png","contentUrl":"https:\/\/fidu360.ch\/wp-content\/uploads\/2023\/09\/cropped-THP-LOGO-e1695636996674-1.png","width":2603,"height":2500,"caption":"Fidu360"},"image":{"@id":"http:\/\/fidu360.ch\/fr\/#\/schema\/logo\/image\/"}}]}},"_links":{"self":[{"href":"https:\/\/fidu360.ch\/fr\/wp-json\/wp\/v2\/pages\/3327","targetHints":{"allow":["GET"]}}],"collection":[{"href":"https:\/\/fidu360.ch\/fr\/wp-json\/wp\/v2\/pages"}],"about":[{"href":"https:\/\/fidu360.ch\/fr\/wp-json\/wp\/v2\/types\/page"}],"author":[{"embeddable":true,"href":"https:\/\/fidu360.ch\/fr\/wp-json\/wp\/v2\/users\/17"}],"replies":[{"embeddable":true,"href":"https:\/\/fidu360.ch\/fr\/wp-json\/wp\/v2\/comments?post=3327"}],"version-history":[{"count":0,"href":"https:\/\/fidu360.ch\/fr\/wp-json\/wp\/v2\/pages\/3327\/revisions"}],"wp:attachment":[{"href":"https:\/\/fidu360.ch\/fr\/wp-json\/wp\/v2\/media?parent=3327"}],"curies":[{"name":"wp","href":"https:\/\/api.w.org\/{rel}","templated":true}]}}