{"id":3165,"date":"2018-03-29T00:26:10","date_gmt":"2018-03-29T00:26:10","guid":{"rendered":"https:\/\/thpinvestservices.com\/?page_id=3165"},"modified":"2023-07-15T14:27:19","modified_gmt":"2023-07-15T14:27:19","slug":"politique-de-confidentialite","status":"publish","type":"page","link":"https:\/\/fidu360.ch\/fr\/politique-de-confidentialite\/","title":{"rendered":"Politique de confidentialit\u00e9"},"content":{"rendered":"<p><strong>Politique de confidentialit\u00e9<\/strong><\/p>\n<p>Bienvenue sur https:\/\/fidu360.ch (le \u00abSite\u00bb) Nous comprenons que la confidentialit\u00e9 en ligne est importante pour les utilisateurs de notre Site, en particulier lors de la conduite des affaires.Cette d\u00e9claration r\u00e9git nos politiques de confidentialit\u00e9 \u00e0 l&#8217;\u00e9gard de ces utilisateurs du Site (&#8221; Visiteurs &#8220;) qui visitent sans transaction et Visiteurs qui s&#8217;inscrivent pour effectuer des transactions sur le Site et utilisent les diff\u00e9rents services propos\u00e9s par Fidu360 (collectivement,&#8221; Services &#8220;) (&#8221; Clients Autoris\u00e9s &#8220;).<\/p>\n<p>&#8220;Informations personnelles identifiables&#8221;<\/p>\n<p>se r\u00e9f\u00e8re \u00e0 toute information qui identifie ou peut \u00eatre utilis\u00e9e pour identifier, contacter ou localiser la personne \u00e0 laquelle cette information appartient, y compris, mais sans s&#8217;y limiter, nom, adresse, num\u00e9ro de t\u00e9l\u00e9phone, num\u00e9ro de fax, adresse \u00e9lectronique, profils financiers, s\u00e9curit\u00e9 sociale num\u00e9ro, et les informations de carte de cr\u00e9dit. Les informations personnelles identifiables ne comprennent pas les informations collect\u00e9es anonymement (c&#8217;est-\u00e0-dire sans identification de l&#8217;utilisateur individuel) ni les informations d\u00e9mographiques non li\u00e9es \u00e0 une personne identifi\u00e9e.<\/p>\n<p>Quelles informations personnellement identifiables sont collect\u00e9es?<\/p>\n<p>Nous pouvons collecter des informations de base sur le profil utilisateur de tous nos visiteurs. Nous recueillons les informations suppl\u00e9mentaires suivantes aupr\u00e8s de nos clients autoris\u00e9s: noms, adresses, num\u00e9ros de t\u00e9l\u00e9phone et adresses e-mail des clients autoris\u00e9s, nature et taille de l&#8217;entreprise, nature et taille de l&#8217;inventaire publicitaire que le client autoris\u00e9 a l&#8217;intention d&#8217;acheter ou vendre.<\/p>\n<p>Quelles organisations collectent les informations?<\/p>\n<p>En plus de notre collecte directe d&#8217;informations, nos fournisseurs de services tiers (tels que les soci\u00e9t\u00e9s de cartes de cr\u00e9dit, les chambres de compensation et les banques) qui peuvent fournir des services de cr\u00e9dit, d&#8217;assurance et d&#8217;entiercement peuvent recueillir ces informations aupr\u00e8s de nos visiteurs et clients autoris\u00e9s. Nous ne contr\u00f4lons pas la fa\u00e7on dont ces tiers utilisent ces informations, mais nous leur demandons de divulguer comment ils utilisent les informations personnelles qui leur sont fournies par les visiteurs et les clients autoris\u00e9s. Certains de ces tiers peuvent \u00eatre des interm\u00e9diaires qui agissent uniquement en tant que liens dans la cha\u00eene de distribution et ne stockent pas, ne conservent pas ou n&#8217;utilisent pas les informations qui leur sont fournies.<\/p>\n<p>Comment le site utilise-t-il les informations personnelles identifiables?<\/p>\n<p>Nous utilisons des informations personnellement identifiables pour personnaliser le site, pour proposer des offres de services appropri\u00e9es et pour r\u00e9pondre aux demandes d&#8217;achat et de vente sur le site. Nous pouvons envoyer des e-mails aux Visiteurs et aux Clients Autoris\u00e9s concernant des recherches ou des opportunit\u00e9s d&#8217;achat et de vente sur le Site ou des informations relatives \u00e0 l&#8217;objet du Site. Nous pouvons \u00e9galement utiliser des informations personnellement identifiables pour contacter les visiteurs et les clients autoris\u00e9s en r\u00e9ponse \u00e0 des demandes de renseignements sp\u00e9cifiques ou pour fournir les informations demand\u00e9es.<\/p>\n<p>Avec qui l&#8217;information peut-elle \u00eatre partag\u00e9e?<\/p>\n<p>Les informations personnellement identifiables sur les clients autoris\u00e9s peuvent \u00eatre partag\u00e9es avec d&#8217;autres clients autoris\u00e9s qui souhaitent \u00e9valuer les transactions potentielles avec d&#8217;autres clients autoris\u00e9s. Nous pouvons partager des informations agr\u00e9g\u00e9es sur nos visiteurs, y compris les donn\u00e9es d\u00e9mographiques de nos visiteurs et de nos clients autoris\u00e9s, avec nos agences affili\u00e9es et nos fournisseurs tiers. Nous offrons \u00e9galement la possibilit\u00e9 de \u00abrefuser\u00bb de recevoir des informations ou d&#8217;\u00eatre contact\u00e9 par nous ou par toute agence agissant en notre nom.<\/p>\n<p>Comment les informations personnelles sont-elles stock\u00e9es?<\/p>\n<p>Les informations personnellement identifiables collect\u00e9es par Fidu360 sont stock\u00e9es de mani\u00e8re s\u00e9curis\u00e9e et ne sont pas accessibles \u00e0 des tiers ou \u00e0 des employ\u00e9s de Fidu360, sauf pour l&#8217;utilisation indiqu\u00e9e ci-dessus.<\/p>\n<p>Quels sont les choix offerts aux visiteurs concernant la collecte, l&#8217;utilisation et la distribution de l&#8217;information?<\/p>\n<p>Les visiteurs et les clients autoris\u00e9s peuvent refuser de recevoir des informations non sollicit\u00e9es ou d&#8217;\u00eatre contact\u00e9s par nous et \/ ou nos fournisseurs et agences affili\u00e9es en r\u00e9pondant aux courriers \u00e9lectroniques selon les instructions, ou en nous contactant \u00e0<\/p>\n<p>Les cookies sont-ils utilis\u00e9s sur le site?<\/p>\n<p>Les cookies sont utilis\u00e9s pour diverses raisons. Nous utilisons des cookies pour obtenir des informations sur les pr\u00e9f\u00e9rences de nos visiteurs et les services qu&#8217;ils s\u00e9lectionnent. Nous utilisons \u00e9galement des cookies \u00e0 des fins de s\u00e9curit\u00e9 pour prot\u00e9ger nos clients autoris\u00e9s. Par exemple, si un client autoris\u00e9 est connect\u00e9 et que le site est inutilis\u00e9 pendant plus de 10 minutes, nous d\u00e9connecterons automatiquement le client autoris\u00e9.<\/p>\n<p>Comment THP Invest Services utilise-t-il les informations de connexion?<\/p>\n<p>THP Invest Services utilise les informations de connexion, notamment les adresses IP, les FAI et les types de navigateur, pour analyser les tendances, administrer le site, suivre le mouvement et l&#8217;utilisation d&#8217;un utilisateur et recueillir des informations d\u00e9mographiques g\u00e9n\u00e9rales.<\/p>\n<p>Quels partenaires ou fournisseurs de services ont acc\u00e8s aux informations personnelles des visiteurs et \/ ou des clients autoris\u00e9s sur le site?<\/p>\n<p>THP Invest Services a conclu et continuera de conclure des partenariats et d&#8217;autres affiliations avec un certain nombre de fournisseurs. Ces fournisseurs peuvent avoir acc\u00e8s \u00e0 certaines informations personnellement identifiables sur la base d&#8217;un besoin de savoir pour \u00e9valuer les clients autoris\u00e9s pour l&#8217;\u00e9ligibilit\u00e9 du service. Notre vie priv\u00e9e<\/p>\n","protected":false},"excerpt":{"rendered":"<p>Politique de confidentialit\u00e9 Bienvenue sur https:\/\/fidu360.ch (le \u00abSite\u00bb) Nous comprenons que la confidentialit\u00e9 en ligne est importante pour les utilisateurs de notre Site, en particulier lors de la conduite des affaires.Cette d\u00e9claration r\u00e9git nos politiques de confidentialit\u00e9 \u00e0 l&#8217;\u00e9gard de ces utilisateurs du Site (&#8221; Visiteurs &#8220;) qui visitent sans transaction et Visiteurs qui s&#8217;inscrivent [&hellip;]<\/p>\n","protected":false},"author":17,"featured_media":0,"parent":0,"menu_order":0,"comment_status":"closed","ping_status":"closed","template":"","meta":{"footnotes":""},"class_list":["post-3165","page","type-page","status-publish","hentry"],"yoast_head":"<!-- This site is optimized with the Yoast SEO plugin v27.3 - https:\/\/yoast.com\/product\/yoast-seo-wordpress\/ -->\n<title>Politique de confidentialit\u00e9 - Fidu360<\/title>\n<meta name=\"robots\" content=\"index, follow, max-snippet:-1, max-image-preview:large, max-video-preview:-1\" \/>\n<link rel=\"canonical\" href=\"http:\/\/fidu360.ch\/fr\/politique-de-confidentialite\/\" \/>\n<meta property=\"og:locale\" content=\"fr_FR\" \/>\n<meta property=\"og:type\" content=\"article\" \/>\n<meta property=\"og:title\" content=\"Politique de confidentialit\u00e9 - Fidu360\" \/>\n<meta property=\"og:description\" content=\"Politique de confidentialit\u00e9 Bienvenue sur https:\/\/fidu360.ch (le \u00abSite\u00bb) Nous comprenons que la confidentialit\u00e9 en ligne est importante pour les utilisateurs de notre Site, en particulier lors de la conduite des affaires.Cette d\u00e9claration r\u00e9git nos politiques de confidentialit\u00e9 \u00e0 l&#8217;\u00e9gard de ces utilisateurs du Site (&#8221; Visiteurs &#8220;) qui visitent sans transaction et Visiteurs qui s&#8217;inscrivent [&hellip;]\" \/>\n<meta property=\"og:url\" content=\"http:\/\/fidu360.ch\/fr\/politique-de-confidentialite\/\" \/>\n<meta property=\"og:site_name\" content=\"Fidu360\" \/>\n<meta property=\"article:modified_time\" content=\"2023-07-15T14:27:19+00:00\" \/>\n<meta name=\"twitter:card\" content=\"summary_large_image\" \/>\n<meta name=\"twitter:label1\" content=\"Dur\u00e9e de lecture estim\u00e9e\" \/>\n\t<meta name=\"twitter:data1\" content=\"4 minutes\" \/>\n<script type=\"application\/ld+json\" class=\"yoast-schema-graph\">{\"@context\":\"https:\\\/\\\/schema.org\",\"@graph\":[{\"@type\":\"WebPage\",\"@id\":\"http:\\\/\\\/fidu360.ch\\\/fr\\\/politique-de-confidentialite\\\/\",\"url\":\"http:\\\/\\\/fidu360.ch\\\/fr\\\/politique-de-confidentialite\\\/\",\"name\":\"Politique de confidentialit\u00e9 - Fidu360\",\"isPartOf\":{\"@id\":\"https:\\\/\\\/fidu360.ch\\\/fr\\\/#website\"},\"datePublished\":\"2018-03-29T00:26:10+00:00\",\"dateModified\":\"2023-07-15T14:27:19+00:00\",\"breadcrumb\":{\"@id\":\"http:\\\/\\\/fidu360.ch\\\/fr\\\/politique-de-confidentialite\\\/#breadcrumb\"},\"inLanguage\":\"fr-FR\",\"potentialAction\":[{\"@type\":\"ReadAction\",\"target\":[\"http:\\\/\\\/fidu360.ch\\\/fr\\\/politique-de-confidentialite\\\/\"]}]},{\"@type\":\"BreadcrumbList\",\"@id\":\"http:\\\/\\\/fidu360.ch\\\/fr\\\/politique-de-confidentialite\\\/#breadcrumb\",\"itemListElement\":[{\"@type\":\"ListItem\",\"position\":1,\"name\":\"Home\",\"item\":\"https:\\\/\\\/fidu360.ch\\\/pt\\\/\"},{\"@type\":\"ListItem\",\"position\":2,\"name\":\"Politique de confidentialit\u00e9\"}]},{\"@type\":\"WebSite\",\"@id\":\"https:\\\/\\\/fidu360.ch\\\/fr\\\/#website\",\"url\":\"https:\\\/\\\/fidu360.ch\\\/fr\\\/\",\"name\":\"Fidu360\",\"description\":\"\",\"publisher\":{\"@id\":\"https:\\\/\\\/fidu360.ch\\\/fr\\\/#organization\"},\"potentialAction\":[{\"@type\":\"SearchAction\",\"target\":{\"@type\":\"EntryPoint\",\"urlTemplate\":\"https:\\\/\\\/fidu360.ch\\\/fr\\\/?s={search_term_string}\"},\"query-input\":{\"@type\":\"PropertyValueSpecification\",\"valueRequired\":true,\"valueName\":\"search_term_string\"}}],\"inLanguage\":\"fr-FR\"},{\"@type\":\"Organization\",\"@id\":\"https:\\\/\\\/fidu360.ch\\\/fr\\\/#organization\",\"name\":\"Fidu360\",\"url\":\"https:\\\/\\\/fidu360.ch\\\/fr\\\/\",\"logo\":{\"@type\":\"ImageObject\",\"inLanguage\":\"fr-FR\",\"@id\":\"https:\\\/\\\/fidu360.ch\\\/fr\\\/#\\\/schema\\\/logo\\\/image\\\/\",\"url\":\"https:\\\/\\\/fidu360.ch\\\/wp-content\\\/uploads\\\/2023\\\/09\\\/cropped-THP-LOGO-e1695636996674-1.png\",\"contentUrl\":\"https:\\\/\\\/fidu360.ch\\\/wp-content\\\/uploads\\\/2023\\\/09\\\/cropped-THP-LOGO-e1695636996674-1.png\",\"width\":2603,\"height\":2500,\"caption\":\"Fidu360\"},\"image\":{\"@id\":\"https:\\\/\\\/fidu360.ch\\\/fr\\\/#\\\/schema\\\/logo\\\/image\\\/\"}}]}<\/script>\n<!-- \/ Yoast SEO plugin. -->","yoast_head_json":{"title":"Politique de confidentialit\u00e9 - Fidu360","robots":{"index":"index","follow":"follow","max-snippet":"max-snippet:-1","max-image-preview":"max-image-preview:large","max-video-preview":"max-video-preview:-1"},"canonical":"http:\/\/fidu360.ch\/fr\/politique-de-confidentialite\/","og_locale":"fr_FR","og_type":"article","og_title":"Politique de confidentialit\u00e9 - Fidu360","og_description":"Politique de confidentialit\u00e9 Bienvenue sur https:\/\/fidu360.ch (le \u00abSite\u00bb) Nous comprenons que la confidentialit\u00e9 en ligne est importante pour les utilisateurs de notre Site, en particulier lors de la conduite des affaires.Cette d\u00e9claration r\u00e9git nos politiques de confidentialit\u00e9 \u00e0 l&#8217;\u00e9gard de ces utilisateurs du Site (&#8221; Visiteurs &#8220;) qui visitent sans transaction et Visiteurs qui s&#8217;inscrivent [&hellip;]","og_url":"http:\/\/fidu360.ch\/fr\/politique-de-confidentialite\/","og_site_name":"Fidu360","article_modified_time":"2023-07-15T14:27:19+00:00","twitter_card":"summary_large_image","twitter_misc":{"Dur\u00e9e de lecture estim\u00e9e":"4 minutes"},"schema":{"@context":"https:\/\/schema.org","@graph":[{"@type":"WebPage","@id":"http:\/\/fidu360.ch\/fr\/politique-de-confidentialite\/","url":"http:\/\/fidu360.ch\/fr\/politique-de-confidentialite\/","name":"Politique de confidentialit\u00e9 - Fidu360","isPartOf":{"@id":"https:\/\/fidu360.ch\/fr\/#website"},"datePublished":"2018-03-29T00:26:10+00:00","dateModified":"2023-07-15T14:27:19+00:00","breadcrumb":{"@id":"http:\/\/fidu360.ch\/fr\/politique-de-confidentialite\/#breadcrumb"},"inLanguage":"fr-FR","potentialAction":[{"@type":"ReadAction","target":["http:\/\/fidu360.ch\/fr\/politique-de-confidentialite\/"]}]},{"@type":"BreadcrumbList","@id":"http:\/\/fidu360.ch\/fr\/politique-de-confidentialite\/#breadcrumb","itemListElement":[{"@type":"ListItem","position":1,"name":"Home","item":"https:\/\/fidu360.ch\/pt\/"},{"@type":"ListItem","position":2,"name":"Politique de confidentialit\u00e9"}]},{"@type":"WebSite","@id":"https:\/\/fidu360.ch\/fr\/#website","url":"https:\/\/fidu360.ch\/fr\/","name":"Fidu360","description":"","publisher":{"@id":"https:\/\/fidu360.ch\/fr\/#organization"},"potentialAction":[{"@type":"SearchAction","target":{"@type":"EntryPoint","urlTemplate":"https:\/\/fidu360.ch\/fr\/?s={search_term_string}"},"query-input":{"@type":"PropertyValueSpecification","valueRequired":true,"valueName":"search_term_string"}}],"inLanguage":"fr-FR"},{"@type":"Organization","@id":"https:\/\/fidu360.ch\/fr\/#organization","name":"Fidu360","url":"https:\/\/fidu360.ch\/fr\/","logo":{"@type":"ImageObject","inLanguage":"fr-FR","@id":"https:\/\/fidu360.ch\/fr\/#\/schema\/logo\/image\/","url":"https:\/\/fidu360.ch\/wp-content\/uploads\/2023\/09\/cropped-THP-LOGO-e1695636996674-1.png","contentUrl":"https:\/\/fidu360.ch\/wp-content\/uploads\/2023\/09\/cropped-THP-LOGO-e1695636996674-1.png","width":2603,"height":2500,"caption":"Fidu360"},"image":{"@id":"https:\/\/fidu360.ch\/fr\/#\/schema\/logo\/image\/"}}]}},"_links":{"self":[{"href":"https:\/\/fidu360.ch\/fr\/wp-json\/wp\/v2\/pages\/3165","targetHints":{"allow":["GET"]}}],"collection":[{"href":"https:\/\/fidu360.ch\/fr\/wp-json\/wp\/v2\/pages"}],"about":[{"href":"https:\/\/fidu360.ch\/fr\/wp-json\/wp\/v2\/types\/page"}],"author":[{"embeddable":true,"href":"https:\/\/fidu360.ch\/fr\/wp-json\/wp\/v2\/users\/17"}],"replies":[{"embeddable":true,"href":"https:\/\/fidu360.ch\/fr\/wp-json\/wp\/v2\/comments?post=3165"}],"version-history":[{"count":0,"href":"https:\/\/fidu360.ch\/fr\/wp-json\/wp\/v2\/pages\/3165\/revisions"}],"wp:attachment":[{"href":"https:\/\/fidu360.ch\/fr\/wp-json\/wp\/v2\/media?parent=3165"}],"curies":[{"name":"wp","href":"https:\/\/api.w.org\/{rel}","templated":true}]}}