{"id":3165,"date":"2018-03-29T00:26:10","date_gmt":"2018-03-29T00:26:10","guid":{"rendered":"https:\/\/thpinvestservices.com\/?page_id=3165"},"modified":"2023-07-15T14:27:19","modified_gmt":"2023-07-15T14:27:19","slug":"politique-de-confidentialite","status":"publish","type":"page","link":"https:\/\/fidu360.ch\/en\/politique-de-confidentialite\/","title":{"rendered":"Privacy policy"},"content":{"rendered":"<p><strong>Privacy policy<\/strong><\/p>\n<p>Bienvenue sur https:\/\/fidu360.ch (le \u00abSite\u00bb) Nous comprenons que la confidentialit\u00e9 en ligne est importante pour les utilisateurs de notre Site, en particulier lors de la conduite des affaires.Cette d\u00e9claration r\u00e9git nos politiques de confidentialit\u00e9 \u00e0 l&#8217;\u00e9gard de ces utilisateurs du Site (&#8221; Visiteurs &#8220;) qui visitent sans transaction et Visiteurs qui s&#8217;inscrivent pour effectuer des transactions sur le Site et utilisent les diff\u00e9rents services propos\u00e9s par Fidu360 (collectivement,&#8221; Services &#8220;) (&#8221; Clients Autoris\u00e9s &#8220;).<\/p>\n<p>\u201cPersonally identifiable information\u201d<\/p>\n<p>refers to any information that identifies or can be used to identify, contact or locate the person to whom this information belongs, including, but not limited to, name, address, telephone number, fax number, email address, financial profiles, social security number, and credit card information. Personally identifiable information does not include information collected anonymously (i.e. without identifying the individual user) or demographic information not related to an identified person.<\/p>\n<p>What personally identifiable information is collected?<\/p>\n<p>We may collect basic information about the user profile of all of our visitors. We collect the following additional information from our authorized customers: names, addresses, telephone numbers and email addresses of authorized customers, nature and size of business, nature and size of advertising inventory that the authorized customer has intention to buy or sell.<\/p>\n<p>Which organizations collect the information?<\/p>\n<p>En plus de notre collecte directe d&#8217;informations, nos fournisseurs de services tiers (tels que les soci\u00e9t\u00e9s de cartes de cr\u00e9dit, les chambres de compensation et les banques) qui peuvent fournir des services de cr\u00e9dit, d&#8217;assurance et d&#8217;entiercement peuvent recueillir ces informations aupr\u00e8s de nos visiteurs et clients autoris\u00e9s. Nous ne contr\u00f4lons pas la fa\u00e7on dont ces tiers utilisent ces informations, mais nous leur demandons de divulguer comment ils utilisent les informations personnelles qui leur sont fournies par les visiteurs et les clients autoris\u00e9s. Certains de ces tiers peuvent \u00eatre des interm\u00e9diaires qui agissent uniquement en tant que liens dans la cha\u00eene de distribution et ne stockent pas, ne conservent pas ou n&#8217;utilisent pas les informations qui leur sont fournies.<\/p>\n<p>Comment le site utilise-t-il les informations personnelles identifiables?<\/p>\n<p>We use personally identifiable information to personalize the site, to provide appropriate service offerings, and to respond to purchase and sale requests on the site. We may send emails to Visitors and Authorized Customers regarding research or purchase and sale opportunities on the Site or information relating to the subject matter of the Site. We may also use personally identifiable information to contact authorized visitors and customers in response to specific inquiries or to provide the requested information.<\/p>\n<p>Who can the information be shared with?<\/p>\n<p>Personally identifiable information about authorized customers may be shared with other authorized customers who wish to assess potential transactions with other authorized customers. We may share aggregate information about our visitors, including demographics of our visitors and authorized customers, with our affiliated agencies and third-party suppliers. We also offer the option to \"opt out\" of receiving information or being contacted by us or by any agency acting on our behalf.<\/p>\n<p>How is personal information stored?<\/p>\n<p>Les informations personnellement identifiables collect\u00e9es par Fidu360 sont stock\u00e9es de mani\u00e8re s\u00e9curis\u00e9e et ne sont pas accessibles \u00e0 des tiers ou \u00e0 des employ\u00e9s de Fidu360, sauf pour l&#8217;utilisation indiqu\u00e9e ci-dessus.<\/p>\n<p>Quels sont les choix offerts aux visiteurs concernant la collecte, l&#8217;utilisation et la distribution de l&#8217;information?<\/p>\n<p>Visitors and Authorized Customers may opt out of receiving unsolicited information or being contacted by us and \/ or our suppliers and affiliated agencies by replying to emails as directed, or by contacting us at<\/p>\n<p>Are cookies used on the site?<\/p>\n<p>Cookies are used for various reasons. We use cookies to obtain information about the preferences of our visitors and the services they select. We also use cookies for security purposes to protect our authorized customers. For example, if an authorized customer is connected and the site is unused for more than 10 minutes, we will automatically disconnect the authorized customer.<\/p>\n<p>Comment THP Invest Services utilise-t-il les informations de connexion?<\/p>\n<p>THP Invest Services utilise les informations de connexion, notamment les adresses IP, les FAI et les types de navigateur, pour analyser les tendances, administrer le site, suivre le mouvement et l&#8217;utilisation d&#8217;un utilisateur et recueillir des informations d\u00e9mographiques g\u00e9n\u00e9rales.<\/p>\n<p>Which partners or service providers have access to the personal information of visitors and \/ or authorized customers on the site?<\/p>\n<p>THP Invest Services has entered into and will continue to enter into partnerships and other affiliations with a number of suppliers. These providers may have access to certain personally identifiable information based on a need to know to assess authorized customers for service eligibility. Our privacy<\/p>","protected":false},"excerpt":{"rendered":"<p>Politique de confidentialit\u00e9 Bienvenue sur https:\/\/fidu360.ch (le \u00abSite\u00bb) Nous comprenons que la confidentialit\u00e9 en ligne est importante pour les utilisateurs de notre Site, en particulier lors de la conduite des affaires.Cette d\u00e9claration r\u00e9git nos politiques de confidentialit\u00e9 \u00e0 l&#8217;\u00e9gard de ces utilisateurs du Site (&#8221; Visiteurs &#8220;) qui visitent sans transaction et Visiteurs qui s&#8217;inscrivent [&hellip;]<\/p>\n","protected":false},"author":17,"featured_media":0,"parent":0,"menu_order":0,"comment_status":"closed","ping_status":"closed","template":"","meta":{"footnotes":""},"class_list":["post-3165","page","type-page","status-publish","hentry"],"yoast_head":"<!-- This site is optimized with the Yoast SEO plugin v27.3 - https:\/\/yoast.com\/product\/yoast-seo-wordpress\/ -->\n<title>Politique de confidentialit\u00e9 - Fidu360<\/title>\n<meta name=\"robots\" content=\"index, follow, max-snippet:-1, max-image-preview:large, max-video-preview:-1\" \/>\n<link rel=\"canonical\" href=\"http:\/\/fidu360.ch\/en\/politique-de-confidentialite\/\" \/>\n<meta property=\"og:locale\" content=\"en_GB\" \/>\n<meta property=\"og:type\" content=\"article\" \/>\n<meta property=\"og:title\" content=\"Politique de confidentialit\u00e9 - Fidu360\" \/>\n<meta property=\"og:description\" content=\"Politique de confidentialit\u00e9 Bienvenue sur https:\/\/fidu360.ch (le \u00abSite\u00bb) Nous comprenons que la confidentialit\u00e9 en ligne est importante pour les utilisateurs de notre Site, en particulier lors de la conduite des affaires.Cette d\u00e9claration r\u00e9git nos politiques de confidentialit\u00e9 \u00e0 l&#8217;\u00e9gard de ces utilisateurs du Site (&#8221; Visiteurs &#8220;) qui visitent sans transaction et Visiteurs qui s&#8217;inscrivent [&hellip;]\" \/>\n<meta property=\"og:url\" content=\"http:\/\/fidu360.ch\/en\/politique-de-confidentialite\/\" \/>\n<meta property=\"og:site_name\" content=\"Fidu360\" \/>\n<meta property=\"article:modified_time\" content=\"2023-07-15T14:27:19+00:00\" \/>\n<meta name=\"twitter:card\" content=\"summary_large_image\" \/>\n<meta name=\"twitter:label1\" content=\"Estimated reading time\" \/>\n\t<meta name=\"twitter:data1\" content=\"4 minutes\" \/>\n<script type=\"application\/ld+json\" class=\"yoast-schema-graph\">{\"@context\":\"https:\\\/\\\/schema.org\",\"@graph\":[{\"@type\":\"WebPage\",\"@id\":\"http:\\\/\\\/fidu360.ch\\\/fr\\\/politique-de-confidentialite\\\/\",\"url\":\"http:\\\/\\\/fidu360.ch\\\/fr\\\/politique-de-confidentialite\\\/\",\"name\":\"Politique de confidentialit\u00e9 - Fidu360\",\"isPartOf\":{\"@id\":\"https:\\\/\\\/fidu360.ch\\\/fr\\\/#website\"},\"datePublished\":\"2018-03-29T00:26:10+00:00\",\"dateModified\":\"2023-07-15T14:27:19+00:00\",\"breadcrumb\":{\"@id\":\"http:\\\/\\\/fidu360.ch\\\/fr\\\/politique-de-confidentialite\\\/#breadcrumb\"},\"inLanguage\":\"en-GB\",\"potentialAction\":[{\"@type\":\"ReadAction\",\"target\":[\"http:\\\/\\\/fidu360.ch\\\/fr\\\/politique-de-confidentialite\\\/\"]}]},{\"@type\":\"BreadcrumbList\",\"@id\":\"http:\\\/\\\/fidu360.ch\\\/fr\\\/politique-de-confidentialite\\\/#breadcrumb\",\"itemListElement\":[{\"@type\":\"ListItem\",\"position\":1,\"name\":\"Home\",\"item\":\"https:\\\/\\\/fidu360.ch\\\/pt\\\/\"},{\"@type\":\"ListItem\",\"position\":2,\"name\":\"Politique de confidentialit\u00e9\"}]},{\"@type\":\"WebSite\",\"@id\":\"https:\\\/\\\/fidu360.ch\\\/fr\\\/#website\",\"url\":\"https:\\\/\\\/fidu360.ch\\\/fr\\\/\",\"name\":\"Fidu360\",\"description\":\"\",\"publisher\":{\"@id\":\"https:\\\/\\\/fidu360.ch\\\/fr\\\/#organization\"},\"potentialAction\":[{\"@type\":\"SearchAction\",\"target\":{\"@type\":\"EntryPoint\",\"urlTemplate\":\"https:\\\/\\\/fidu360.ch\\\/fr\\\/?s={search_term_string}\"},\"query-input\":{\"@type\":\"PropertyValueSpecification\",\"valueRequired\":true,\"valueName\":\"search_term_string\"}}],\"inLanguage\":\"en-GB\"},{\"@type\":\"Organization\",\"@id\":\"https:\\\/\\\/fidu360.ch\\\/fr\\\/#organization\",\"name\":\"Fidu360\",\"url\":\"https:\\\/\\\/fidu360.ch\\\/fr\\\/\",\"logo\":{\"@type\":\"ImageObject\",\"inLanguage\":\"en-GB\",\"@id\":\"https:\\\/\\\/fidu360.ch\\\/fr\\\/#\\\/schema\\\/logo\\\/image\\\/\",\"url\":\"https:\\\/\\\/fidu360.ch\\\/wp-content\\\/uploads\\\/2023\\\/09\\\/cropped-THP-LOGO-e1695636996674-1.png\",\"contentUrl\":\"https:\\\/\\\/fidu360.ch\\\/wp-content\\\/uploads\\\/2023\\\/09\\\/cropped-THP-LOGO-e1695636996674-1.png\",\"width\":2603,\"height\":2500,\"caption\":\"Fidu360\"},\"image\":{\"@id\":\"https:\\\/\\\/fidu360.ch\\\/fr\\\/#\\\/schema\\\/logo\\\/image\\\/\"}}]}<\/script>\n<!-- \/ Yoast SEO plugin. -->","yoast_head_json":{"title":"Politique de confidentialit\u00e9 - Fidu360","robots":{"index":"index","follow":"follow","max-snippet":"max-snippet:-1","max-image-preview":"max-image-preview:large","max-video-preview":"max-video-preview:-1"},"canonical":"http:\/\/fidu360.ch\/en\/politique-de-confidentialite\/","og_locale":"en_GB","og_type":"article","og_title":"Politique de confidentialit\u00e9 - Fidu360","og_description":"Politique de confidentialit\u00e9 Bienvenue sur https:\/\/fidu360.ch (le \u00abSite\u00bb) Nous comprenons que la confidentialit\u00e9 en ligne est importante pour les utilisateurs de notre Site, en particulier lors de la conduite des affaires.Cette d\u00e9claration r\u00e9git nos politiques de confidentialit\u00e9 \u00e0 l&#8217;\u00e9gard de ces utilisateurs du Site (&#8221; Visiteurs &#8220;) qui visitent sans transaction et Visiteurs qui s&#8217;inscrivent [&hellip;]","og_url":"http:\/\/fidu360.ch\/en\/politique-de-confidentialite\/","og_site_name":"Fidu360","article_modified_time":"2023-07-15T14:27:19+00:00","twitter_card":"summary_large_image","twitter_misc":{"Estimated reading time":"4 minutes"},"schema":{"@context":"https:\/\/schema.org","@graph":[{"@type":"WebPage","@id":"http:\/\/fidu360.ch\/fr\/politique-de-confidentialite\/","url":"http:\/\/fidu360.ch\/fr\/politique-de-confidentialite\/","name":"Politique de confidentialit\u00e9 - Fidu360","isPartOf":{"@id":"https:\/\/fidu360.ch\/fr\/#website"},"datePublished":"2018-03-29T00:26:10+00:00","dateModified":"2023-07-15T14:27:19+00:00","breadcrumb":{"@id":"http:\/\/fidu360.ch\/fr\/politique-de-confidentialite\/#breadcrumb"},"inLanguage":"en-GB","potentialAction":[{"@type":"ReadAction","target":["http:\/\/fidu360.ch\/fr\/politique-de-confidentialite\/"]}]},{"@type":"BreadcrumbList","@id":"http:\/\/fidu360.ch\/fr\/politique-de-confidentialite\/#breadcrumb","itemListElement":[{"@type":"ListItem","position":1,"name":"Home","item":"https:\/\/fidu360.ch\/pt\/"},{"@type":"ListItem","position":2,"name":"Politique de confidentialit\u00e9"}]},{"@type":"WebSite","@id":"https:\/\/fidu360.ch\/fr\/#website","url":"https:\/\/fidu360.ch\/fr\/","name":"Fidu360","description":"","publisher":{"@id":"https:\/\/fidu360.ch\/fr\/#organization"},"potentialAction":[{"@type":"SearchAction","target":{"@type":"EntryPoint","urlTemplate":"https:\/\/fidu360.ch\/fr\/?s={search_term_string}"},"query-input":{"@type":"PropertyValueSpecification","valueRequired":true,"valueName":"search_term_string"}}],"inLanguage":"en-GB"},{"@type":"Organization","@id":"https:\/\/fidu360.ch\/fr\/#organization","name":"Fidu360","url":"https:\/\/fidu360.ch\/fr\/","logo":{"@type":"ImageObject","inLanguage":"en-GB","@id":"https:\/\/fidu360.ch\/fr\/#\/schema\/logo\/image\/","url":"https:\/\/fidu360.ch\/wp-content\/uploads\/2023\/09\/cropped-THP-LOGO-e1695636996674-1.png","contentUrl":"https:\/\/fidu360.ch\/wp-content\/uploads\/2023\/09\/cropped-THP-LOGO-e1695636996674-1.png","width":2603,"height":2500,"caption":"Fidu360"},"image":{"@id":"https:\/\/fidu360.ch\/fr\/#\/schema\/logo\/image\/"}}]}},"_links":{"self":[{"href":"https:\/\/fidu360.ch\/en\/wp-json\/wp\/v2\/pages\/3165","targetHints":{"allow":["GET"]}}],"collection":[{"href":"https:\/\/fidu360.ch\/en\/wp-json\/wp\/v2\/pages"}],"about":[{"href":"https:\/\/fidu360.ch\/en\/wp-json\/wp\/v2\/types\/page"}],"author":[{"embeddable":true,"href":"https:\/\/fidu360.ch\/en\/wp-json\/wp\/v2\/users\/17"}],"replies":[{"embeddable":true,"href":"https:\/\/fidu360.ch\/en\/wp-json\/wp\/v2\/comments?post=3165"}],"version-history":[{"count":0,"href":"https:\/\/fidu360.ch\/en\/wp-json\/wp\/v2\/pages\/3165\/revisions"}],"wp:attachment":[{"href":"https:\/\/fidu360.ch\/en\/wp-json\/wp\/v2\/media?parent=3165"}],"curies":[{"name":"wp","href":"https:\/\/api.w.org\/{rel}","templated":true}]}}